{"id":1904,"date":"2022-08-18T10:33:38","date_gmt":"2022-08-18T10:33:38","guid":{"rendered":"https:\/\/energetika.winergy.hu\/?page_id=1904"},"modified":"2024-06-03T22:04:44","modified_gmt":"2024-06-03T22:04:44","slug":"blog","status":"publish","type":"page","link":"https:\/\/energetika.winergy.hu\/en\/blog\/","title":{"rendered":"Blog"},"content":{"rendered":"[et_pb_section fb_built=&#8221;1&#8243; next_background_color=&#8221;#f0f0f0&#8243; _builder_version=&#8221;4.16&#8243; _module_preset=&#8221;default&#8221; background_image=&#8221;https:\/\/energetika.winergy.hu\/wp-content\/uploads\/2021\/06\/hatter-zold.png&#8221; bottom_divider_style=&#8221;arrow&#8221; global_colors_info=&#8221;{}&#8221;][et_pb_row _builder_version=&#8221;4.16&#8243; _module_preset=&#8221;default&#8221; global_colors_info=&#8221;{}&#8221;][et_pb_column type=&#8221;4_4&#8243; _builder_version=&#8221;4.16&#8243; _module_preset=&#8221;default&#8221; global_colors_info=&#8221;{}&#8221;][et_pb_text _builder_version=&#8221;4.18.0&#8243; _module_preset=&#8221;default&#8221; text_text_color=&#8221;#ffffff&#8221; header_font=&#8221;|||on|||||&#8221; header_text_color=&#8221;#31849b&#8221; header_font_size=&#8221;50px&#8221; global_colors_info=&#8221;{}&#8221;]<h1 style=\"text-align: center;\"><strong>H\u00edrek<\/strong><\/h1>[\/et_pb_text][\/et_pb_column][\/et_pb_row][\/et_pb_section][et_pb_section fb_built=&#8221;1&#8243; _builder_version=&#8221;4.16&#8243; _module_preset=&#8221;default&#8221; background_color=&#8221;#f0f0f0&#8243; custom_padding=&#8221;||10px||false|false&#8221; global_colors_info=&#8221;{}&#8221;][et_pb_row _builder_version=&#8221;4.16&#8243; _module_preset=&#8221;default&#8221; hover_enabled=&#8221;0&#8243; global_colors_info=&#8221;{}&#8221; sticky_enabled=&#8221;0&#8243;][et_pb_column type=&#8221;4_4&#8243; _builder_version=&#8221;4.16&#8243; _module_preset=&#8221;default&#8221; global_colors_info=&#8221;{}&#8221;][et_pb_blog fullwidth=&#8221;off&#8221; use_manual_excerpt=&#8221;off&#8221; show_more=&#8221;on&#8221; show_author=&#8221;off&#8221; show_date=&#8221;off&#8221; show_categories=&#8221;off&#8221; _builder_version=&#8221;4.18.0&#8243; _module_preset=&#8221;default&#8221; header_font=&#8221;|700||on|||||&#8221; header_text_color=&#8221;#31849b&#8221; header_font_size=&#8221;20px&#8221; header_line_height=&#8221;1.5em&#8221; body_font_size=&#8221;18px&#8221; body_line_height=&#8221;1.5em&#8221; read_more_font=&#8221;|700|||||||&#8221; read_more_text_color=&#8221;#31849b&#8221; hover_enabled=&#8221;0&#8243; custom_css_title=&#8221;margin-bottom:20px;&#8221; box_shadow_style=&#8221;preset2&#8243; global_colors_info=&#8221;{}&#8221; sticky_enabled=&#8221;0&#8243; border_width_bottom=&#8221;5px&#8221; border_color_bottom=&#8221;#8dc63f&#8221; border_width_right=&#8221;4px&#8221; border_color_right=&#8221;#8dc63f&#8221;][\/et_pb_blog][\/et_pb_column][\/et_pb_row][\/et_pb_section]","protected":false},"excerpt":{"rendered":"<p>H\u00edrek<\/p>","protected":false},"author":1,"featured_media":1825,"parent":0,"menu_order":0,"comment_status":"closed","ping_status":"closed","template":"","meta":{"_et_pb_use_builder":"on","_et_pb_old_content":"","_et_gb_content_width":"","inline_featured_image":false,"footnotes":""},"class_list":["post-1904","page","type-page","status-publish","has-post-thumbnail","hentry"],"yoast_head":"<!-- This site is optimized with the Yoast SEO plugin v27.5 - https:\/\/yoast.com\/product\/yoast-seo-wordpress\/ -->\n<title>Winergy energetika | Energetik\u00e1val kapcsolatos tudnival\u00f3k.<\/title>\n<meta name=\"description\" content=\"Energetik\u00e1val kapcsolatos h\u00edrek, hasznos tudnival\u00f3k kis-, k\u00f6z\u00e9p- \u00e9s nagyv\u00e1llalatoknak.\" \/>\n<meta name=\"robots\" content=\"index, follow, max-snippet:-1, max-image-preview:large, max-video-preview:-1\" \/>\n<link rel=\"canonical\" href=\"https:\/\/energetika.winergy.hu\/en\/blog\/\" \/>\n<meta property=\"og:locale\" content=\"en_GB\" \/>\n<meta property=\"og:type\" content=\"article\" \/>\n<meta property=\"og:title\" content=\"Winergy energetika | Winergy energetikai h\u00edrek\" \/>\n<meta property=\"og:description\" content=\"Energetik\u00e1val kapcsolatos h\u00edrek, hasznos tudnival\u00f3k kis-, k\u00f6z\u00e9p- \u00e9s nagyv\u00e1llalatoknak.\" \/>\n<meta property=\"og:url\" content=\"https:\/\/energetika.winergy.hu\/en\/blog\/\" \/>\n<meta property=\"og:site_name\" content=\"energetika.winergy.hu\" \/>\n<meta property=\"article:publisher\" content=\"https:\/\/www.facebook.com\/winergymernokiroda\" \/>\n<meta property=\"article:modified_time\" content=\"2024-06-03T22:04:44+00:00\" \/>\n<meta property=\"og:image\" content=\"http:\/\/energetika.winergy.hu\/wp-content\/uploads\/2024\/06\/winergy_energetika_blog.png\" \/>\n\t<meta property=\"og:image:width\" content=\"1854\" \/>\n\t<meta property=\"og:image:height\" content=\"901\" \/>\n\t<meta property=\"og:image:type\" content=\"image\/png\" \/>\n<meta name=\"twitter:card\" content=\"summary_large_image\" \/>\n<meta name=\"twitter:label1\" content=\"Estimated reading time\" \/>\n\t<meta name=\"twitter:data1\" content=\"3 minutes\" \/>\n<script type=\"application\/ld+json\" class=\"yoast-schema-graph\">{\"@context\":\"https:\\\/\\\/schema.org\",\"@graph\":[{\"@type\":\"WebPage\",\"@id\":\"https:\\\/\\\/energetika.winergy.hu\\\/blog\\\/\",\"url\":\"https:\\\/\\\/energetika.winergy.hu\\\/blog\\\/\",\"name\":\"Winergy energetika | Energetik\u00e1val kapcsolatos tudnival\u00f3k.\",\"isPartOf\":{\"@id\":\"https:\\\/\\\/energetika.winergy.hu\\\/#website\"},\"primaryImageOfPage\":{\"@id\":\"https:\\\/\\\/energetika.winergy.hu\\\/blog\\\/#primaryimage\"},\"image\":{\"@id\":\"https:\\\/\\\/energetika.winergy.hu\\\/blog\\\/#primaryimage\"},\"thumbnailUrl\":\"https:\\\/\\\/energetika.winergy.hu\\\/wp-content\\\/uploads\\\/2022\\\/08\\\/energia.jpg\",\"datePublished\":\"2022-08-18T10:33:38+00:00\",\"dateModified\":\"2024-06-03T22:04:44+00:00\",\"description\":\"Energetik\u00e1val kapcsolatos h\u00edrek, hasznos tudnival\u00f3k kis-, k\u00f6z\u00e9p- \u00e9s nagyv\u00e1llalatoknak.\",\"breadcrumb\":{\"@id\":\"https:\\\/\\\/energetika.winergy.hu\\\/blog\\\/#breadcrumb\"},\"inLanguage\":\"en-GB\",\"potentialAction\":[{\"@type\":\"ReadAction\",\"target\":[\"https:\\\/\\\/energetika.winergy.hu\\\/blog\\\/\"]}]},{\"@type\":\"ImageObject\",\"inLanguage\":\"en-GB\",\"@id\":\"https:\\\/\\\/energetika.winergy.hu\\\/blog\\\/#primaryimage\",\"url\":\"https:\\\/\\\/energetika.winergy.hu\\\/wp-content\\\/uploads\\\/2022\\\/08\\\/energia.jpg\",\"contentUrl\":\"https:\\\/\\\/energetika.winergy.hu\\\/wp-content\\\/uploads\\\/2022\\\/08\\\/energia.jpg\",\"width\":950,\"height\":601,\"caption\":\"energia\"},{\"@type\":\"BreadcrumbList\",\"@id\":\"https:\\\/\\\/energetika.winergy.hu\\\/blog\\\/#breadcrumb\",\"itemListElement\":[{\"@type\":\"ListItem\",\"position\":1,\"name\":\"Kezd\u0151lap\",\"item\":\"https:\\\/\\\/energetika.winergy.hu\\\/\"},{\"@type\":\"ListItem\",\"position\":2,\"name\":\"Blog\"}]},{\"@type\":\"WebSite\",\"@id\":\"https:\\\/\\\/energetika.winergy.hu\\\/#website\",\"url\":\"https:\\\/\\\/energetika.winergy.hu\\\/\",\"name\":\"energetika.winergy.hu\",\"description\":\"Winergy energetika: az energetikai szak\u00e9rt\u0151\",\"publisher\":{\"@id\":\"https:\\\/\\\/energetika.winergy.hu\\\/#organization\"},\"potentialAction\":[{\"@type\":\"SearchAction\",\"target\":{\"@type\":\"EntryPoint\",\"urlTemplate\":\"https:\\\/\\\/energetika.winergy.hu\\\/?s={search_term_string}\"},\"query-input\":{\"@type\":\"PropertyValueSpecification\",\"valueRequired\":true,\"valueName\":\"search_term_string\"}}],\"inLanguage\":\"en-GB\"},{\"@type\":\"Organization\",\"@id\":\"https:\\\/\\\/energetika.winergy.hu\\\/#organization\",\"name\":\"Winergy Kft.\",\"url\":\"https:\\\/\\\/energetika.winergy.hu\\\/\",\"logo\":{\"@type\":\"ImageObject\",\"inLanguage\":\"en-GB\",\"@id\":\"https:\\\/\\\/energetika.winergy.hu\\\/#\\\/schema\\\/logo\\\/image\\\/\",\"url\":\"https:\\\/\\\/energetika.winergy.hu\\\/wp-content\\\/uploads\\\/2021\\\/09\\\/winergy-energetika-logo.svg\",\"contentUrl\":\"https:\\\/\\\/energetika.winergy.hu\\\/wp-content\\\/uploads\\\/2021\\\/09\\\/winergy-energetika-logo.svg\",\"width\":595.2,\"height\":164.6,\"caption\":\"Winergy Kft.\"},\"image\":{\"@id\":\"https:\\\/\\\/energetika.winergy.hu\\\/#\\\/schema\\\/logo\\\/image\\\/\"},\"sameAs\":[\"https:\\\/\\\/www.facebook.com\\\/winergymernokiroda\",\"https:\\\/\\\/www.instagram.com\\\/winergy_az_energiatudatos_jovo\\\/\",\"https:\\\/\\\/hu.linkedin.com\\\/company\\\/winergy-kft\"]}]}<\/script>\n<!-- \/ Yoast SEO plugin. -->","yoast_head_json":{"title":"Winergy energetika | Energetik\u00e1val kapcsolatos tudnival\u00f3k.","description":"Energetik\u00e1val kapcsolatos h\u00edrek, hasznos tudnival\u00f3k kis-, k\u00f6z\u00e9p- \u00e9s nagyv\u00e1llalatoknak.","robots":{"index":"index","follow":"follow","max-snippet":"max-snippet:-1","max-image-preview":"max-image-preview:large","max-video-preview":"max-video-preview:-1"},"canonical":"https:\/\/energetika.winergy.hu\/en\/blog\/","og_locale":"en_GB","og_type":"article","og_title":"Winergy energetika | Winergy energetikai h\u00edrek","og_description":"Energetik\u00e1val kapcsolatos h\u00edrek, hasznos tudnival\u00f3k kis-, k\u00f6z\u00e9p- \u00e9s nagyv\u00e1llalatoknak.","og_url":"https:\/\/energetika.winergy.hu\/en\/blog\/","og_site_name":"energetika.winergy.hu","article_publisher":"https:\/\/www.facebook.com\/winergymernokiroda","article_modified_time":"2024-06-03T22:04:44+00:00","og_image":[{"width":1854,"height":901,"url":"http:\/\/energetika.winergy.hu\/wp-content\/uploads\/2024\/06\/winergy_energetika_blog.png","type":"image\/png"}],"twitter_card":"summary_large_image","twitter_misc":{"Estimated reading time":"3 minutes"},"schema":{"@context":"https:\/\/schema.org","@graph":[{"@type":"WebPage","@id":"https:\/\/energetika.winergy.hu\/blog\/","url":"https:\/\/energetika.winergy.hu\/blog\/","name":"Winergy energetika | Energetik\u00e1val kapcsolatos tudnival\u00f3k.","isPartOf":{"@id":"https:\/\/energetika.winergy.hu\/#website"},"primaryImageOfPage":{"@id":"https:\/\/energetika.winergy.hu\/blog\/#primaryimage"},"image":{"@id":"https:\/\/energetika.winergy.hu\/blog\/#primaryimage"},"thumbnailUrl":"https:\/\/energetika.winergy.hu\/wp-content\/uploads\/2022\/08\/energia.jpg","datePublished":"2022-08-18T10:33:38+00:00","dateModified":"2024-06-03T22:04:44+00:00","description":"Energetik\u00e1val kapcsolatos h\u00edrek, hasznos tudnival\u00f3k kis-, k\u00f6z\u00e9p- \u00e9s nagyv\u00e1llalatoknak.","breadcrumb":{"@id":"https:\/\/energetika.winergy.hu\/blog\/#breadcrumb"},"inLanguage":"en-GB","potentialAction":[{"@type":"ReadAction","target":["https:\/\/energetika.winergy.hu\/blog\/"]}]},{"@type":"ImageObject","inLanguage":"en-GB","@id":"https:\/\/energetika.winergy.hu\/blog\/#primaryimage","url":"https:\/\/energetika.winergy.hu\/wp-content\/uploads\/2022\/08\/energia.jpg","contentUrl":"https:\/\/energetika.winergy.hu\/wp-content\/uploads\/2022\/08\/energia.jpg","width":950,"height":601,"caption":"energia"},{"@type":"BreadcrumbList","@id":"https:\/\/energetika.winergy.hu\/blog\/#breadcrumb","itemListElement":[{"@type":"ListItem","position":1,"name":"Kezd\u0151lap","item":"https:\/\/energetika.winergy.hu\/"},{"@type":"ListItem","position":2,"name":"Blog"}]},{"@type":"WebSite","@id":"https:\/\/energetika.winergy.hu\/#website","url":"https:\/\/energetika.winergy.hu\/","name":"energetika.winergy.hu","description":"Winergy energetika: az energetikai szak\u00e9rt\u0151","publisher":{"@id":"https:\/\/energetika.winergy.hu\/#organization"},"potentialAction":[{"@type":"SearchAction","target":{"@type":"EntryPoint","urlTemplate":"https:\/\/energetika.winergy.hu\/?s={search_term_string}"},"query-input":{"@type":"PropertyValueSpecification","valueRequired":true,"valueName":"search_term_string"}}],"inLanguage":"en-GB"},{"@type":"Organization","@id":"https:\/\/energetika.winergy.hu\/#organization","name":"Winergy Kft.","url":"https:\/\/energetika.winergy.hu\/","logo":{"@type":"ImageObject","inLanguage":"en-GB","@id":"https:\/\/energetika.winergy.hu\/#\/schema\/logo\/image\/","url":"https:\/\/energetika.winergy.hu\/wp-content\/uploads\/2021\/09\/winergy-energetika-logo.svg","contentUrl":"https:\/\/energetika.winergy.hu\/wp-content\/uploads\/2021\/09\/winergy-energetika-logo.svg","width":595.2,"height":164.6,"caption":"Winergy Kft."},"image":{"@id":"https:\/\/energetika.winergy.hu\/#\/schema\/logo\/image\/"},"sameAs":["https:\/\/www.facebook.com\/winergymernokiroda","https:\/\/www.instagram.com\/winergy_az_energiatudatos_jovo\/","https:\/\/hu.linkedin.com\/company\/winergy-kft"]}]}},"_links":{"self":[{"href":"https:\/\/energetika.winergy.hu\/en\/wp-json\/wp\/v2\/pages\/1904","targetHints":{"allow":["GET"]}}],"collection":[{"href":"https:\/\/energetika.winergy.hu\/en\/wp-json\/wp\/v2\/pages"}],"about":[{"href":"https:\/\/energetika.winergy.hu\/en\/wp-json\/wp\/v2\/types\/page"}],"author":[{"embeddable":true,"href":"https:\/\/energetika.winergy.hu\/en\/wp-json\/wp\/v2\/users\/1"}],"replies":[{"embeddable":true,"href":"https:\/\/energetika.winergy.hu\/en\/wp-json\/wp\/v2\/comments?post=1904"}],"version-history":[{"count":9,"href":"https:\/\/energetika.winergy.hu\/en\/wp-json\/wp\/v2\/pages\/1904\/revisions"}],"predecessor-version":[{"id":2041,"href":"https:\/\/energetika.winergy.hu\/en\/wp-json\/wp\/v2\/pages\/1904\/revisions\/2041"}],"wp:featuredmedia":[{"embeddable":true,"href":"https:\/\/energetika.winergy.hu\/en\/wp-json\/wp\/v2\/media\/1825"}],"wp:attachment":[{"href":"https:\/\/energetika.winergy.hu\/en\/wp-json\/wp\/v2\/media?parent=1904"}],"curies":[{"name":"wp","href":"https:\/\/api.w.org\/{rel}","templated":true}]}}