{"id":1981,"date":"2022-09-05T13:06:28","date_gmt":"2022-09-05T13:06:28","guid":{"rendered":"https:\/\/energetika.winergy.hu\/?page_id=1981"},"modified":"2025-05-08T12:17:03","modified_gmt":"2025-05-08T12:17:03","slug":"tarsasagi-adokedvezmeny-energiahatekonysagra","status":"publish","type":"page","link":"https:\/\/energetika.winergy.hu\/en\/szolgaltatasok\/tarsasagi-adokedvezmeny-energiahatekonysagra\/","title":{"rendered":"Corporate Tax Incentives for Energy Efficiency"},"content":{"rendered":"<p>[et_pb_section fb_built=&#8221;1&#8243; _builder_version=&#8221;4.18.0&#8243; _module_preset=&#8221;default&#8221; background_image=&#8221;https:\/\/energetika.winergy.hu\/wp-content\/uploads\/2021\/06\/hatter-zold.png&#8221; bottom_divider_style=&#8221;arrow&#8221; bottom_divider_color=&#8221;#FFFFFF&#8221; global_colors_info=&#8221;{}&#8221;][et_pb_row _builder_version=&#8221;4.16&#8243; _module_preset=&#8221;default&#8221; global_colors_info=&#8221;{}&#8221;][et_pb_column type=&#8221;4_4&#8243; _builder_version=&#8221;4.16&#8243; _module_preset=&#8221;default&#8221; global_colors_info=&#8221;{}&#8221;][et_pb_text _builder_version=&#8221;4.18.0&#8243; _module_preset=&#8221;default&#8221; text_text_color=&#8221;#ffffff&#8221; header_font=&#8221;|||on|||||&#8221; header_text_color=&#8221;#31849b&#8221; header_font_size=&#8221;50px&#8221; header_line_height=&#8221;1.2em&#8221; header_font_size_tablet=&#8221;35px&#8221; header_font_size_phone=&#8221;&#8221; header_font_size_last_edited=&#8221;on|tablet&#8221; global_colors_info=&#8221;{}&#8221;]<\/p>\n<h1 style=\"text-align: center;\"><strong>Corporate Tax Incentives for Energy Efficiency<\/strong><\/h1>\n<p>[\/et_pb_text][\/et_pb_column][\/et_pb_row][\/et_pb_section][et_pb_section fb_built=&#8221;1&#8243; _builder_version=&#8221;4.16&#8243; _module_preset=&#8221;default&#8221; custom_padding=&#8221;0px||||false|false&#8221; global_colors_info=&#8221;{}&#8221;][et_pb_row column_structure=&#8221;1_2,1_2&#8243; _builder_version=&#8221;4.18.0&#8243; _module_preset=&#8221;default&#8221; custom_margin=&#8221;0px||||false|false&#8221; custom_padding=&#8221;||0px||false|false&#8221; global_colors_info=&#8221;{}&#8221;][et_pb_column type=&#8221;1_2&#8243; _builder_version=&#8221;4.16&#8243; _module_preset=&#8221;default&#8221; global_colors_info=&#8221;{}&#8221;][et_pb_text _builder_version=&#8221;4.27.4&#8243; _module_preset=&#8221;default&#8221; text_font_size=&#8221;18px&#8221; text_line_height=&#8221;1.5em&#8221; header_3_text_color=&#8221;#8dc63f&#8221; border_radii=&#8221;on|0vw|0vw|0vw|0vw&#8221; global_colors_info=&#8221;{}&#8221;]<\/p>\n<p style=\"text-align: justify;\">Increasing energy efficiency has also been facilitated by tenders, subsidies and discounts. Act LXI of 1996 on corporate tax and dividend tax allows companies to reduce their corporate tax liabilities if they implement energy efficiency investments. The energy savings achieved must be at least 10%.<\/p>\n<p style=\"text-align: justify;\">The amounts appearing as allowances in the TAO are determined on the basis of the investment costs as follows, but a maximum of EUR 30 million can be claimed.<br \/>The tax allowance is valid for 5+1 years, until the outstanding amount is exhausted.<\/p>\n<p>[\/et_pb_text][\/et_pb_column][et_pb_column type=&#8221;1_2&#8243; _builder_version=&#8221;4.16&#8243; _module_preset=&#8221;default&#8221; global_colors_info=&#8221;{}&#8221;][et_pb_image src=&#8221;https:\/\/energetika.winergy.hu\/wp-content\/uploads\/2021\/05\/kiemelt-szolgaltatasok-mernoki-tevekenyesg.jpg&#8221; alt=&#8221;TAO kedvezm\u00e9ny&#8221; title_text=&#8221;kiemelt szolg\u00e1ltat\u00e1sok TAO kedvezm\u00e9ny&#8221; show_bottom_space=&#8221;off&#8221; align=&#8221;center&#8221; _builder_version=&#8221;4.16&#8243; _module_preset=&#8221;default&#8221; custom_margin=&#8221;||||false|false&#8221; custom_padding=&#8221;||40px||false|false&#8221; global_colors_info=&#8221;{}&#8221;][\/et_pb_image][\/et_pb_column][\/et_pb_row][et_pb_row _builder_version=&#8221;4.16&#8243; _module_preset=&#8221;default&#8221; custom_margin=&#8221;||||false|false&#8221; custom_padding=&#8221;0px||||false|false&#8221; global_colors_info=&#8221;{}&#8221;][et_pb_column type=&#8221;4_4&#8243; _builder_version=&#8221;4.16&#8243; _module_preset=&#8221;default&#8221; global_colors_info=&#8221;{}&#8221;][et_pb_text _builder_version=&#8221;4.27.4&#8243; _module_preset=&#8221;default&#8221; text_font_size=&#8221;18px&#8221; text_line_height=&#8221;1.5em&#8221; header_3_text_color=&#8221;#8dc63f&#8221; border_radii=&#8221;on|0vw|0vw|0vw|0vw&#8221; global_colors_info=&#8221;{}&#8221;]<\/p>\n<p>The following types are distinguished:<\/p>\n<\/p>\n<ul>\n<li>Tax allowance for investments\/developments not related to buildings, determined as a percentage of the additional costs compared to a less energy-efficient solution. For example, 30% for large companies in Budapest and 65% for small companies in rural areas.<\/li>\n<li>In the absence of an alternative solution, determined as a percentage of the total investment cost. For example, 15% for large companies in Budapest and 42.5% for small companies in rural areas.<\/li>\n<li>Tax relief for investments in buildings is determined as a percentage of the total investment cost. Throughout Hungary, it is 10% for large companies, 20% for medium-sized companies, and 30% for small companies.<\/li>\n<\/ul>\n<p>[\/et_pb_text][\/et_pb_column][\/et_pb_row][et_pb_row _builder_version=&#8221;4.16&#8243; _module_preset=&#8221;default&#8221; global_colors_info=&#8221;{}&#8221;][et_pb_column type=&#8221;4_4&#8243; _builder_version=&#8221;4.16&#8243; _module_preset=&#8221;default&#8221; global_colors_info=&#8221;{}&#8221;][et_pb_text ul_item_indent=&#8221;50px&#8221; _builder_version=&#8221;4.27.4&#8243; _module_preset=&#8221;default&#8221; text_font_size=&#8221;18px&#8221; header_2_text_color=&#8221;#8dc63f&#8221; header_2_font_size=&#8221;24px&#8221; header_3_text_color=&#8221;#8dc63f&#8221; border_radii=&#8221;on|0vw|0vw|0vw|0vw&#8221; global_colors_info=&#8221;{}&#8221;]<\/p>\n<h2 align=\"justify\"><span><b>Procedure for claiming TAO relief:<\/b><\/span><\/h2>\n<p align=\"justify\"><span><b><\/b><\/span><\/p>\n<p align=\"justify\"><span><b><\/b><\/span><\/p>\n<ul>\n<li>pre-investment energy efficiency audit carried out by an energy auditor listed in the MEKH register\n<p align=\"justify\"><\/li>\n<li>\n<p align=\"justify\"><span>implementation of the investment<\/span><\/p>\n<\/li>\n<li>\n<p align=\"justify\"><span>post-investment energy efficiency audit and notification to the MEKH carried out by an energy auditor listed in the MEKH register.<\/span><\/p>\n<\/li>\n<\/ul>\n<p>[\/et_pb_text][et_pb_text _builder_version=&#8221;4.27.4&#8243; _module_preset=&#8221;default&#8221; text_font_size=&#8221;18px&#8221; text_line_height=&#8221;1.5em&#8221; header_3_text_color=&#8221;#8dc63f&#8221; border_radii=&#8221;on|0vw|0vw|0vw|0vw&#8221; global_colors_info=&#8221;{}&#8221;]<\/p>\n<p style=\"text-align: justify;\">The energy audit must be based on up-to-date, measured and traceable operational data relating to the energy consumption of the system under review and the load profiles. In the case of energy efficiency investments, only the component where the investment was made needs to be examined.<\/p>\n<p>[\/et_pb_text][et_pb_image src=&#8221;http:\/\/energetika.winergy.hu\/wp-content\/uploads\/2025\/05\/TAO-kedvezmeny.jpg&#8221; title_text=&#8221;TAO kedvezm\u00e9ny&#8221; align=&#8221;center&#8221; _builder_version=&#8221;4.27.4&#8243; _module_preset=&#8221;default&#8221; max_width=&#8221;400px&#8221; global_colors_info=&#8221;{}&#8221;][\/et_pb_image][et_pb_text ul_item_indent=&#8221;50px&#8221; _builder_version=&#8221;4.27.4&#8243; _module_preset=&#8221;default&#8221; text_font_size=&#8221;18px&#8221; header_2_text_color=&#8221;#8dc63f&#8221; header_2_font_size=&#8221;24px&#8221; header_3_text_color=&#8221;#8dc63f&#8221; border_radii=&#8221;on|0vw|0vw|0vw|0vw&#8221; global_colors_info=&#8221;{}&#8221;]<\/p>\n<h2 align=\"justify\"><span><b>Benefits of TAO Energy Audit<\/b><\/span><\/h2>\n<p align=\"justify\"><span><b><\/b><\/span><\/p>\n<p align=\"justify\"><span><b><\/b><\/span><\/p>\n<ul>\n<li>Offers actionable insights to enhance energy efficiency, reduce energy consumption, and lower associated costs,\n<p align=\"justify\">\n<\/li>\n<li>\n<p align=\"justify\"><span>Megfelel az energiahat\u00e9konys\u00e1gi t\u00f6rv\u00e9nyben \u00e9s a t\u00e1rsas\u00e1gi ad\u00f3r\u00f3l \u00e9s az osztal\u00e9kad\u00f3r\u00f3l sz\u00f3l\u00f3 t\u00f6rv\u00e9nyben foglaltaknak.<\/span><\/p>\n<\/li>\n<\/ul>\n<p>[\/et_pb_text][et_pb_button button_url=&#8221;https:\/\/energetika.winergy.hu\/kapcsolat\/&#8221; button_text=&#8221;Online aj\u00e1nlatk\u00e9r\u00e9s&#8221; button_alignment=&#8221;center&#8221; _builder_version=&#8221;4.18.0&#8243; _module_preset=&#8221;default&#8221; custom_button=&#8221;on&#8221; button_text_color=&#8221;#FFFFFF&#8221; button_bg_color=&#8221;#8dc63f&#8221; button_border_width=&#8221;0px&#8221; button_font=&#8221;|800||on|||||&#8221; button_icon=&#8221;&#x35;||divi||400&#8243; custom_margin=&#8221;30px||||false|false&#8221; global_colors_info=&#8221;{}&#8221;][\/et_pb_button][\/et_pb_column][\/et_pb_row][\/et_pb_section]<\/p>","protected":false},"excerpt":{"rendered":"<p>T\u00e1rsas\u00e1gi ad\u00f3kedvezm\u00e9ny energiahat\u00e9konys\u00e1graAz energiahat\u00e9konys\u00e1g n\u00f6vel\u00e9se p\u00e1ly\u00e1zatok, t\u00e1mogat\u00e1sok \u00e9s kedvezm\u00e9nyek \u00fatj\u00e1t is el\u0151seg\u00edtett folyamat. Az 1996. \u00e9vi LXI. t\u00f6rv\u00e9ny a t\u00e1rsas\u00e1gi ad\u00f3r\u00f3l \u00e9s az osztal\u00e9kad\u00f3r\u00f3l lehet\u0151s\u00e9get biztos\u00edt arra, hogy a V\u00e1llalatok cs\u00f6kkents\u00e9k a t\u00e1rsas\u00e1gi ad\u00f3 fizet\u00e9si terheiket, amennyiben energiahat\u00e9konys\u00e1gi beruh\u00e1z\u00e1sokat val\u00f3s\u00edtanak meg. Az el\u00e9rt energiamegtakar\u00edt\u00e1snak legal\u00e1bb 10%-nak kell lenni. A TAO-ban a kedvezm\u00e9nyk\u00e9nt megjelen\u0151 \u00f6sszegek a [&hellip;]<\/p>","protected":false},"author":1,"featured_media":139,"parent":53,"menu_order":0,"comment_status":"closed","ping_status":"closed","template":"","meta":{"_et_pb_use_builder":"on","_et_pb_old_content":"","_et_gb_content_width":"","inline_featured_image":false,"footnotes":""},"class_list":["post-1981","page","type-page","status-publish","has-post-thumbnail","hentry"],"yoast_head":"<!-- This site is optimized with the Yoast SEO plugin v27.5 - https:\/\/yoast.com\/product\/yoast-seo-wordpress\/ -->\n<title>T\u00e1rsas\u00e1gi ad\u00f3kedvezm\u00e9ny energiahat\u00e9konys\u00e1gra<\/title>\n<meta name=\"description\" content=\"A t\u00e1rsas\u00e1gi ad\u00f3 legfeljebb 70 %-a - ad\u00f3kedvezm\u00e9ny form\u00e1ban \u2013 energiahat\u00e9konys\u00e1gi c\u00e9l\u00fa beruh\u00e1z\u00e1sokra k\u00f6lthet\u0151 el. Az ad\u00f3kedvezm\u00e9ny ad\u00f3visszatart\u00e1s form\u00e1j\u00e1ban vehet\u0151 ig\u00e9nybe.\" \/>\n<meta name=\"robots\" content=\"index, follow, max-snippet:-1, max-image-preview:large, max-video-preview:-1\" \/>\n<link rel=\"canonical\" href=\"https:\/\/energetika.winergy.hu\/en\/szolgaltatasok\/tarsasagi-adokedvezmeny-energiahatekonysagra\/\" \/>\n<meta property=\"og:locale\" content=\"en_GB\" \/>\n<meta property=\"og:type\" content=\"article\" \/>\n<meta property=\"og:title\" content=\"Winergy energetika | T\u00e1rsas\u00e1gi ad\u00f3kedvezm\u00e9ny energiahat\u00e9konys\u00e1gra\" \/>\n<meta property=\"og:description\" content=\"A t\u00e1rsas\u00e1gi ad\u00f3 legfeljebb 70 %-a - ad\u00f3kedvezm\u00e9ny form\u00e1ban \u2013 energiahat\u00e9konys\u00e1gi c\u00e9l\u00fa beruh\u00e1z\u00e1sokra k\u00f6lthet\u0151 el. Az ad\u00f3kedvezm\u00e9ny ad\u00f3visszatart\u00e1s form\u00e1j\u00e1ban vehet\u0151 ig\u00e9nybe.\" \/>\n<meta property=\"og:url\" content=\"https:\/\/energetika.winergy.hu\/en\/szolgaltatasok\/tarsasagi-adokedvezmeny-energiahatekonysagra\/\" \/>\n<meta property=\"og:site_name\" content=\"energetika.winergy.hu\" \/>\n<meta property=\"article:publisher\" content=\"https:\/\/www.facebook.com\/winergymernokiroda\" \/>\n<meta property=\"article:modified_time\" content=\"2025-05-08T12:17:03+00:00\" \/>\n<meta property=\"og:image\" content=\"http:\/\/energetika.winergy.hu\/wp-content\/uploads\/2024\/06\/winergy_energetika_tarsasagi_adokedvezmeny_energiahatekonysagra.png\" \/>\n\t<meta property=\"og:image:width\" content=\"1853\" \/>\n\t<meta property=\"og:image:height\" content=\"899\" \/>\n\t<meta property=\"og:image:type\" content=\"image\/png\" \/>\n<meta name=\"twitter:card\" content=\"summary_large_image\" \/>\n<meta name=\"twitter:label1\" content=\"Estimated reading time\" \/>\n\t<meta name=\"twitter:data1\" content=\"5 minutes\" \/>\n<script type=\"application\/ld+json\" class=\"yoast-schema-graph\">{\"@context\":\"https:\\\/\\\/schema.org\",\"@graph\":[{\"@type\":\"WebPage\",\"@id\":\"https:\\\/\\\/energetika.winergy.hu\\\/szolgaltatasok\\\/tarsasagi-adokedvezmeny-energiahatekonysagra\\\/\",\"url\":\"https:\\\/\\\/energetika.winergy.hu\\\/szolgaltatasok\\\/tarsasagi-adokedvezmeny-energiahatekonysagra\\\/\",\"name\":\"T\u00e1rsas\u00e1gi ad\u00f3kedvezm\u00e9ny energiahat\u00e9konys\u00e1gra\",\"isPartOf\":{\"@id\":\"https:\\\/\\\/energetika.winergy.hu\\\/#website\"},\"primaryImageOfPage\":{\"@id\":\"https:\\\/\\\/energetika.winergy.hu\\\/szolgaltatasok\\\/tarsasagi-adokedvezmeny-energiahatekonysagra\\\/#primaryimage\"},\"image\":{\"@id\":\"https:\\\/\\\/energetika.winergy.hu\\\/szolgaltatasok\\\/tarsasagi-adokedvezmeny-energiahatekonysagra\\\/#primaryimage\"},\"thumbnailUrl\":\"https:\\\/\\\/energetika.winergy.hu\\\/wp-content\\\/uploads\\\/2021\\\/05\\\/kiemelt-szolgaltatasok-mernoki-tevekenyesg.jpg\",\"datePublished\":\"2022-09-05T13:06:28+00:00\",\"dateModified\":\"2025-05-08T12:17:03+00:00\",\"description\":\"A t\u00e1rsas\u00e1gi ad\u00f3 legfeljebb 70 %-a - ad\u00f3kedvezm\u00e9ny form\u00e1ban \u2013 energiahat\u00e9konys\u00e1gi c\u00e9l\u00fa beruh\u00e1z\u00e1sokra k\u00f6lthet\u0151 el. Az ad\u00f3kedvezm\u00e9ny ad\u00f3visszatart\u00e1s form\u00e1j\u00e1ban vehet\u0151 ig\u00e9nybe.\",\"breadcrumb\":{\"@id\":\"https:\\\/\\\/energetika.winergy.hu\\\/szolgaltatasok\\\/tarsasagi-adokedvezmeny-energiahatekonysagra\\\/#breadcrumb\"},\"inLanguage\":\"en-GB\",\"potentialAction\":[{\"@type\":\"ReadAction\",\"target\":[\"https:\\\/\\\/energetika.winergy.hu\\\/szolgaltatasok\\\/tarsasagi-adokedvezmeny-energiahatekonysagra\\\/\"]}]},{\"@type\":\"ImageObject\",\"inLanguage\":\"en-GB\",\"@id\":\"https:\\\/\\\/energetika.winergy.hu\\\/szolgaltatasok\\\/tarsasagi-adokedvezmeny-energiahatekonysagra\\\/#primaryimage\",\"url\":\"https:\\\/\\\/energetika.winergy.hu\\\/wp-content\\\/uploads\\\/2021\\\/05\\\/kiemelt-szolgaltatasok-mernoki-tevekenyesg.jpg\",\"contentUrl\":\"https:\\\/\\\/energetika.winergy.hu\\\/wp-content\\\/uploads\\\/2021\\\/05\\\/kiemelt-szolgaltatasok-mernoki-tevekenyesg.jpg\",\"width\":570,\"height\":338,\"caption\":\"T\u00e1rsas\u00e1gi ad\u00f3kedvezm\u00e9nyt illusztr\u00e1l\u00f3 k\u00e9p.\"},{\"@type\":\"BreadcrumbList\",\"@id\":\"https:\\\/\\\/energetika.winergy.hu\\\/szolgaltatasok\\\/tarsasagi-adokedvezmeny-energiahatekonysagra\\\/#breadcrumb\",\"itemListElement\":[{\"@type\":\"ListItem\",\"position\":1,\"name\":\"Kezd\u0151lap\",\"item\":\"https:\\\/\\\/energetika.winergy.hu\\\/\"},{\"@type\":\"ListItem\",\"position\":2,\"name\":\"Szolg\u00e1ltat\u00e1sok\",\"item\":\"https:\\\/\\\/energetika.winergy.hu\\\/szolgaltatasok\\\/\"},{\"@type\":\"ListItem\",\"position\":3,\"name\":\"T\u00e1rsas\u00e1gi ad\u00f3kedvezm\u00e9ny energiahat\u00e9konys\u00e1gra\"}]},{\"@type\":\"WebSite\",\"@id\":\"https:\\\/\\\/energetika.winergy.hu\\\/#website\",\"url\":\"https:\\\/\\\/energetika.winergy.hu\\\/\",\"name\":\"energetika.winergy.hu\",\"description\":\"Winergy energetika: az energetikai szak\u00e9rt\u0151\",\"publisher\":{\"@id\":\"https:\\\/\\\/energetika.winergy.hu\\\/#organization\"},\"potentialAction\":[{\"@type\":\"SearchAction\",\"target\":{\"@type\":\"EntryPoint\",\"urlTemplate\":\"https:\\\/\\\/energetika.winergy.hu\\\/?s={search_term_string}\"},\"query-input\":{\"@type\":\"PropertyValueSpecification\",\"valueRequired\":true,\"valueName\":\"search_term_string\"}}],\"inLanguage\":\"en-GB\"},{\"@type\":\"Organization\",\"@id\":\"https:\\\/\\\/energetika.winergy.hu\\\/#organization\",\"name\":\"Winergy Kft.\",\"url\":\"https:\\\/\\\/energetika.winergy.hu\\\/\",\"logo\":{\"@type\":\"ImageObject\",\"inLanguage\":\"en-GB\",\"@id\":\"https:\\\/\\\/energetika.winergy.hu\\\/#\\\/schema\\\/logo\\\/image\\\/\",\"url\":\"https:\\\/\\\/energetika.winergy.hu\\\/wp-content\\\/uploads\\\/2021\\\/09\\\/winergy-energetika-logo.svg\",\"contentUrl\":\"https:\\\/\\\/energetika.winergy.hu\\\/wp-content\\\/uploads\\\/2021\\\/09\\\/winergy-energetika-logo.svg\",\"width\":595.2,\"height\":164.6,\"caption\":\"Winergy Kft.\"},\"image\":{\"@id\":\"https:\\\/\\\/energetika.winergy.hu\\\/#\\\/schema\\\/logo\\\/image\\\/\"},\"sameAs\":[\"https:\\\/\\\/www.facebook.com\\\/winergymernokiroda\",\"https:\\\/\\\/www.instagram.com\\\/winergy_az_energiatudatos_jovo\\\/\",\"https:\\\/\\\/hu.linkedin.com\\\/company\\\/winergy-kft\"]}]}<\/script>\n<!-- \/ Yoast SEO plugin. -->","yoast_head_json":{"title":"Corporate Tax Incentives for Energy Efficiency","description":"A t\u00e1rsas\u00e1gi ad\u00f3 legfeljebb 70 %-a - ad\u00f3kedvezm\u00e9ny form\u00e1ban \u2013 energiahat\u00e9konys\u00e1gi c\u00e9l\u00fa beruh\u00e1z\u00e1sokra k\u00f6lthet\u0151 el. Az ad\u00f3kedvezm\u00e9ny ad\u00f3visszatart\u00e1s form\u00e1j\u00e1ban vehet\u0151 ig\u00e9nybe.","robots":{"index":"index","follow":"follow","max-snippet":"max-snippet:-1","max-image-preview":"max-image-preview:large","max-video-preview":"max-video-preview:-1"},"canonical":"https:\/\/energetika.winergy.hu\/en\/szolgaltatasok\/tarsasagi-adokedvezmeny-energiahatekonysagra\/","og_locale":"en_GB","og_type":"article","og_title":"Winergy energetika | T\u00e1rsas\u00e1gi ad\u00f3kedvezm\u00e9ny energiahat\u00e9konys\u00e1gra","og_description":"A t\u00e1rsas\u00e1gi ad\u00f3 legfeljebb 70 %-a - ad\u00f3kedvezm\u00e9ny form\u00e1ban \u2013 energiahat\u00e9konys\u00e1gi c\u00e9l\u00fa beruh\u00e1z\u00e1sokra k\u00f6lthet\u0151 el. Az ad\u00f3kedvezm\u00e9ny ad\u00f3visszatart\u00e1s form\u00e1j\u00e1ban vehet\u0151 ig\u00e9nybe.","og_url":"https:\/\/energetika.winergy.hu\/en\/szolgaltatasok\/tarsasagi-adokedvezmeny-energiahatekonysagra\/","og_site_name":"energetika.winergy.hu","article_publisher":"https:\/\/www.facebook.com\/winergymernokiroda","article_modified_time":"2025-05-08T12:17:03+00:00","og_image":[{"width":1853,"height":899,"url":"http:\/\/energetika.winergy.hu\/wp-content\/uploads\/2024\/06\/winergy_energetika_tarsasagi_adokedvezmeny_energiahatekonysagra.png","type":"image\/png"}],"twitter_card":"summary_large_image","twitter_misc":{"Estimated reading time":"5 minutes"},"schema":{"@context":"https:\/\/schema.org","@graph":[{"@type":"WebPage","@id":"https:\/\/energetika.winergy.hu\/szolgaltatasok\/tarsasagi-adokedvezmeny-energiahatekonysagra\/","url":"https:\/\/energetika.winergy.hu\/szolgaltatasok\/tarsasagi-adokedvezmeny-energiahatekonysagra\/","name":"Corporate Tax Incentives for Energy Efficiency","isPartOf":{"@id":"https:\/\/energetika.winergy.hu\/#website"},"primaryImageOfPage":{"@id":"https:\/\/energetika.winergy.hu\/szolgaltatasok\/tarsasagi-adokedvezmeny-energiahatekonysagra\/#primaryimage"},"image":{"@id":"https:\/\/energetika.winergy.hu\/szolgaltatasok\/tarsasagi-adokedvezmeny-energiahatekonysagra\/#primaryimage"},"thumbnailUrl":"https:\/\/energetika.winergy.hu\/wp-content\/uploads\/2021\/05\/kiemelt-szolgaltatasok-mernoki-tevekenyesg.jpg","datePublished":"2022-09-05T13:06:28+00:00","dateModified":"2025-05-08T12:17:03+00:00","description":"A t\u00e1rsas\u00e1gi ad\u00f3 legfeljebb 70 %-a - ad\u00f3kedvezm\u00e9ny form\u00e1ban \u2013 energiahat\u00e9konys\u00e1gi c\u00e9l\u00fa beruh\u00e1z\u00e1sokra k\u00f6lthet\u0151 el. Az ad\u00f3kedvezm\u00e9ny ad\u00f3visszatart\u00e1s form\u00e1j\u00e1ban vehet\u0151 ig\u00e9nybe.","breadcrumb":{"@id":"https:\/\/energetika.winergy.hu\/szolgaltatasok\/tarsasagi-adokedvezmeny-energiahatekonysagra\/#breadcrumb"},"inLanguage":"en-GB","potentialAction":[{"@type":"ReadAction","target":["https:\/\/energetika.winergy.hu\/szolgaltatasok\/tarsasagi-adokedvezmeny-energiahatekonysagra\/"]}]},{"@type":"ImageObject","inLanguage":"en-GB","@id":"https:\/\/energetika.winergy.hu\/szolgaltatasok\/tarsasagi-adokedvezmeny-energiahatekonysagra\/#primaryimage","url":"https:\/\/energetika.winergy.hu\/wp-content\/uploads\/2021\/05\/kiemelt-szolgaltatasok-mernoki-tevekenyesg.jpg","contentUrl":"https:\/\/energetika.winergy.hu\/wp-content\/uploads\/2021\/05\/kiemelt-szolgaltatasok-mernoki-tevekenyesg.jpg","width":570,"height":338,"caption":"T\u00e1rsas\u00e1gi ad\u00f3kedvezm\u00e9nyt illusztr\u00e1l\u00f3 k\u00e9p."},{"@type":"BreadcrumbList","@id":"https:\/\/energetika.winergy.hu\/szolgaltatasok\/tarsasagi-adokedvezmeny-energiahatekonysagra\/#breadcrumb","itemListElement":[{"@type":"ListItem","position":1,"name":"Kezd\u0151lap","item":"https:\/\/energetika.winergy.hu\/"},{"@type":"ListItem","position":2,"name":"Szolg\u00e1ltat\u00e1sok","item":"https:\/\/energetika.winergy.hu\/szolgaltatasok\/"},{"@type":"ListItem","position":3,"name":"T\u00e1rsas\u00e1gi ad\u00f3kedvezm\u00e9ny energiahat\u00e9konys\u00e1gra"}]},{"@type":"WebSite","@id":"https:\/\/energetika.winergy.hu\/#website","url":"https:\/\/energetika.winergy.hu\/","name":"energetika.winergy.hu","description":"Winergy energetika: az energetikai szak\u00e9rt\u0151","publisher":{"@id":"https:\/\/energetika.winergy.hu\/#organization"},"potentialAction":[{"@type":"SearchAction","target":{"@type":"EntryPoint","urlTemplate":"https:\/\/energetika.winergy.hu\/?s={search_term_string}"},"query-input":{"@type":"PropertyValueSpecification","valueRequired":true,"valueName":"search_term_string"}}],"inLanguage":"en-GB"},{"@type":"Organization","@id":"https:\/\/energetika.winergy.hu\/#organization","name":"Winergy Kft.","url":"https:\/\/energetika.winergy.hu\/","logo":{"@type":"ImageObject","inLanguage":"en-GB","@id":"https:\/\/energetika.winergy.hu\/#\/schema\/logo\/image\/","url":"https:\/\/energetika.winergy.hu\/wp-content\/uploads\/2021\/09\/winergy-energetika-logo.svg","contentUrl":"https:\/\/energetika.winergy.hu\/wp-content\/uploads\/2021\/09\/winergy-energetika-logo.svg","width":595.2,"height":164.6,"caption":"Winergy Kft."},"image":{"@id":"https:\/\/energetika.winergy.hu\/#\/schema\/logo\/image\/"},"sameAs":["https:\/\/www.facebook.com\/winergymernokiroda","https:\/\/www.instagram.com\/winergy_az_energiatudatos_jovo\/","https:\/\/hu.linkedin.com\/company\/winergy-kft"]}]}},"_links":{"self":[{"href":"https:\/\/energetika.winergy.hu\/en\/wp-json\/wp\/v2\/pages\/1981","targetHints":{"allow":["GET"]}}],"collection":[{"href":"https:\/\/energetika.winergy.hu\/en\/wp-json\/wp\/v2\/pages"}],"about":[{"href":"https:\/\/energetika.winergy.hu\/en\/wp-json\/wp\/v2\/types\/page"}],"author":[{"embeddable":true,"href":"https:\/\/energetika.winergy.hu\/en\/wp-json\/wp\/v2\/users\/1"}],"replies":[{"embeddable":true,"href":"https:\/\/energetika.winergy.hu\/en\/wp-json\/wp\/v2\/comments?post=1981"}],"version-history":[{"count":17,"href":"https:\/\/energetika.winergy.hu\/en\/wp-json\/wp\/v2\/pages\/1981\/revisions"}],"predecessor-version":[{"id":3101,"href":"https:\/\/energetika.winergy.hu\/en\/wp-json\/wp\/v2\/pages\/1981\/revisions\/3101"}],"up":[{"embeddable":true,"href":"https:\/\/energetika.winergy.hu\/en\/wp-json\/wp\/v2\/pages\/53"}],"wp:featuredmedia":[{"embeddable":true,"href":"https:\/\/energetika.winergy.hu\/en\/wp-json\/wp\/v2\/media\/139"}],"wp:attachment":[{"href":"https:\/\/energetika.winergy.hu\/en\/wp-json\/wp\/v2\/media?parent=1981"}],"curies":[{"name":"wp","href":"https:\/\/api.w.org\/{rel}","templated":true}]}}