{"id":3,"date":"2021-05-27T08:19:19","date_gmt":"2021-05-27T08:19:19","guid":{"rendered":"https:\/\/energetika.winergy.hu\/?page_id=3"},"modified":"2024-10-17T14:51:24","modified_gmt":"2024-10-17T14:51:24","slug":"adatvedelmi-nyilatkozat","status":"publish","type":"page","link":"https:\/\/energetika.winergy.hu\/en\/adatvedelmi-nyilatkozat\/","title":{"rendered":"Data Protection Policy"},"content":{"rendered":"<p>[et_pb_section fb_built=&#8221;1&#8243; next_background_color=&#8221;#f0f0f0&#8243; _builder_version=&#8221;4.16&#8243; _module_preset=&#8221;default&#8221; background_image=&#8221;https:\/\/energetika.winergy.hu\/wp-content\/uploads\/2021\/06\/hatter-zold.png&#8221; bottom_divider_style=&#8221;arrow&#8221; global_colors_info=&#8221;{}&#8221;][et_pb_row _builder_version=&#8221;4.16&#8243; _module_preset=&#8221;default&#8221; global_colors_info=&#8221;{}&#8221;][et_pb_column type=&#8221;4_4&#8243; _builder_version=&#8221;4.16&#8243; _module_preset=&#8221;default&#8221; global_colors_info=&#8221;{}&#8221;][et_pb_text _builder_version=&#8221;4.16&#8243; _module_preset=&#8221;default&#8221; text_text_color=&#8221;#ffffff&#8221; header_font=&#8221;|||on|||||&#8221; header_text_color=&#8221;#31849b&#8221; header_font_size=&#8221;50px&#8221; border_radii=&#8221;on|0vw|0vw|0vw|0vw&#8221; global_colors_info=&#8221;{}&#8221;]<\/p>\n<h1 style=\"text-align: center;\"><strong>Data Protection Policy<\/strong><\/h1>\n<p>[\/et_pb_text][\/et_pb_column][\/et_pb_row][\/et_pb_section][et_pb_section fb_built=&#8221;1&#8243; _builder_version=&#8221;4.16&#8243; _module_preset=&#8221;default&#8221; background_color=&#8221;#f0f0f0&#8243; global_colors_info=&#8221;{}&#8221;][et_pb_row _builder_version=&#8221;4.16&#8243; _module_preset=&#8221;default&#8221; global_colors_info=&#8221;{}&#8221;][et_pb_column type=&#8221;4_4&#8243; _builder_version=&#8221;4.16&#8243; _module_preset=&#8221;default&#8221; global_colors_info=&#8221;{}&#8221;][et_pb_text _builder_version=&#8221;4.27.2&#8243; _module_preset=&#8221;default&#8221; text_font_size=&#8221;18px&#8221; header_2_font_size=&#8221;20px&#8221; header_3_font_size=&#8221;20px&#8221; hover_enabled=&#8221;0&#8243; global_colors_info=&#8221;{}&#8221; text_line_height=&#8221;1.6em&#8221; header_2_line_height=&#8221;2.2em&#8221; header_2_font=&#8221;|700|||||||&#8221; sticky_enabled=&#8221;0&#8243;]<\/p>\n<h2>1. INTRODUCTION<\/h2>\n<p>Winergy Ltd. (Headquarters: 1032 Budapest, B\u00e9csi \u00fat 217. VII. floor 41., Tax number: 25708035-2-41), as the data controller, undertakes to handle all entrusted data in accordance with the manner detailed in this legal notice. The Data Controller's data management policy is continuously available at https:\/\/winergy.hu\/adatvedelmi-nyilatkozat\/en.<\/p>\n<p>The Data Controller reserves the right to change this information.<\/p>\n<p>The Data Controller respects the informational self-determination rights of its clients. The Data Controller handles personal data confidentially and takes all security, technical, and organizational measures necessary to ensure the safety of the data of its partners and users.<\/p>\n<p>The Data Controller's data management principles comply with the applicable data protection laws, particularly the following law:<\/p>\n<p>Act CXII of 2011 \u2013 on the Right to Informational Self-Determination and Freedom of Information<\/p>\n<p>The Data Controller recognizes the obligations set forth in the data protection policy as binding.<\/p>\n<h2>2. PRINCIPLES IN DATA MANAGEMENT<\/h2>\n<p>The Data Controller only processes personal data with the consent of the data subject or if a law or a local government decree\u2014based on public interest and within the scope defined by law\u2014orders it (mandatory data processing, e.g., billing information).<\/p>\n<p>Personal data is only transferred to a third country\u2019s data processor if the data subject has given explicit consent, and the appropriate level of personal data protection is ensured. Data transfers within the EU are treated as if they occur within Hungary.<\/p>\n<h2>3. SCOPE, PURPOSE, LEGAL BASIS, AND DURATION OF DATA PROCESSING<\/h2>\n<p class=\"translation-block\">The data processing activities of the Data Controller are based on voluntary consent, except for data required for invoicing.\nIf the data provider does not provide their own personal data to the Data Controller, it is their responsibility to obtain the consent of the data subject.<\/p>\n<h2>3.1 DATA OF VISITORS TO WINERGY.HU<\/h2>\n<p>Purpose of data processing: No registration is required on our website. The data provided via the contact form (Name, Phone number, Email) is used for personal inquiries and service provision, and we do not transfer this data to third parties.<\/p>\n<p>Newsletter: Personalized, advertising newsletters may be sent to website visitors. They can subscribe to this via the newsletter form.<\/p>\n<p>Legal basis for data processing: Consent is given by the data subject by filling out the privacy acceptance form on the website.<\/p>\n<p>Scope of data processed: Date, time, IP address of the user's computer, email address, phone number, website address, and company name.<\/p>\n<p>Duration of data processing: Until the data subject requests deletion. Data can be deleted by clicking the unsubscribe link in every newsletter, or by contacting us in writing or verbally at any of the points of contact mentioned in Section 5.<\/p>\n<h2>3.2 OTHER DATA PROCESSING<\/h2>\n<p>For any other data processing not listed here, information about the purpose and method will be provided at the time of data collection.<\/p>\n<p>Use of Cookies:<\/p>\n<p>A \"cookie\" is a small data package that the web server stores in your computer's browser or hard drive, which can later be read from there. A cookie cannot be read by any website other than the one that placed it.<\/p>\n<p>To provide higher-quality services, we occasionally use cookies.<\/p>\n<p>Cookies are used for administrative purposes, such as storing your settings for certain types of data. Cookies also help us \"remember\" if you have already subscribed to our newsletter or the options you selected when using the Design Program.<\/p>\n<p>Although cookies generally last for the duration of a \"visit,\" some cookies are stored in the computer's memory as part of a cookie file, while others expire or are deleted. All cookies have an expiration date. A cookie is placed on a specific browser and computer, so if you use another computer, the cookie will not be found. Users can delete cookies from their computer at any time.<\/p>\n<p>Cookie Data Security\n\nCookies cannot be used to read information from your hard drive, obtain your email address, or collect personal data about you. Personal information can only enter a cookie file if you provide it to a web server. Foreign servers cannot read or steal the contents of a cookie that you have previously accepted. No cookie contains information that allows anyone to contact you by phone, email, or postal mail. Finally, your browser can be set to notify you when cookies are placed or to block their placement entirely. Cookies cannot transmit computer viruses. If you want to block cookies as a visitor, you can also configure this in your browser.<\/p>\n<h2>4. METHOD OF STORING PERSONAL DATA AND SECURITY OF DATA PROCESSING<\/h2>\n<p>The Data Controller uses IT solutions to ensure that entrusted data is protected against unauthorized access and computer viruses.<\/p>\n<h2>5. CONTACT DETAILS OF THE DATA CONTROLLER<\/h2>\n<p>Name: Winergy Ltd.<br \/>Address: 1032 Budapest, B\u00e9csi \u00fat 217. VII. floor 41.<br \/>E-mail: info@winergy.hu<\/p>\n<h2>6. DATA PROCESSORS' DETAILS<\/h2>\n<p>There are currently no data processors.<\/p>\n<p>The Data Controller reserves the right to employ a data processor.<\/p>\n<h2>7. LEGAL REMEDIES<\/h2>\n<p class=\"translation-block\">Complaints or legal remedies can be sought at the National Authority for Data Protection and Freedom of Information:<\/p>\n<p class=\"translation-block\">Name: National Authority for Data Protection and Freedom of Information\nAddress: 1024 Budapest, Szil\u00e1gyi Erzs\u00e9bet fasor 22\/C\nWebsite: http:\/\/www.naih.hu<\/p>\n<p>[\/et_pb_text][\/et_pb_column][\/et_pb_row][\/et_pb_section]<\/p>","protected":false},"excerpt":{"rendered":"<p>Adatv\u00e9delmi nyilatkozat1. BEVEZET\u00c9S A Winergy Kft. (Sz\u00e9khely: 1032 Budapest, B\u00e9csi \u00fat 217. VII. emelet 41., Ad\u00f3sz\u00e1m: 25708035-2-41), mint adatkezel\u0151\u00a0v\u00e1llalja, hogy minden r\u00e1b\u00edzott adatot a jelen jogi k\u00f6zlem\u00e9nyben r\u00e9szletezett m\u00f3don kezel. Az Adatkezel\u0151 adatkezel\u00e9si szab\u00e1lyzata folyamatosan el\u00e9rhet\u0151 https:\/\/winergy.hu\/adatvedelmi-nyilatkozat\u00a0c\u00edmen. Az Adatkezel\u0151 fenntartja mag\u00e1nak a jogot jelen t\u00e1j\u00e9koztat\u00f3 megv\u00e1ltoztat\u00e1s\u00e1ra. Az Adatkezel\u0151 tiszteletben tartja \u00fcgyfelei inform\u00e1ci\u00f3s \u00f6nrendelkez\u00e9si jog\u00e1t. Az [&hellip;]<\/p>","protected":false},"author":1,"featured_media":0,"parent":0,"menu_order":0,"comment_status":"closed","ping_status":"closed","template":"","meta":{"_et_pb_use_builder":"on","_et_pb_old_content":"<!-- wp:heading -->\n<h2>Kik vagyunk<\/h2>\n<!-- \/wp:heading -->\n\n<!-- wp:paragraph -->\n<p><strong class=\"privacy-policy-tutorial\">Javasolt sz\u00f6veg: <\/strong>A weboldalunk c\u00edme: https:\/\/energetika.winergy.hu.<\/p>\n<!-- \/wp:paragraph -->\n\n<!-- wp:heading -->\n<h2>Hozz\u00e1sz\u00f3l\u00e1sok<\/h2>\n<!-- \/wp:heading -->\n\n<!-- wp:paragraph -->\n<p><strong class=\"privacy-policy-tutorial\">Javasolt sz\u00f6veg: <\/strong>Hozz\u00e1sz\u00f3l\u00e1s bek\u00fcld\u00e9sekor a hozz\u00e1sz\u00f3l\u00e1si \u0171rlapban megadottakon k\u00edv\u00fcl begy\u0171jt\u00e9sre ker\u00fcl a hozz\u00e1sz\u00f3l\u00f3 IP c\u00edme \u00e9s a b\u00f6ng\u00e9sz\u0151azonos\u00edt\u00f3 karakterl\u00e1nc a k\u00e9retlen tartalmak kisz\u0171r\u00e9se c\u00e9lj\u00e1b\u00f3l.<\/p>\n<!-- \/wp:paragraph -->\n\n<!-- wp:paragraph -->\n<p>Egy szem\u00e9lytelen\u00edtett, az e-mail c\u00edmb\u0151l el\u0151\u00e1ll\u00edtott karakterl\u00e1nc (hashnek szok\u00e1s nevezni) ker\u00fcl tov\u00e1bb\u00edt\u00e1sra a Gravatar szolg\u00e1ltat\u00e1s fel\u00e9, ha ez az oldalon haszn\u00e1latban van. A Gravatar szolg\u00e1ltat\u00e1s felt\u00e9telei az al\u00e1bbi c\u00edmen tekinthet\u0151ek meg: https:\/\/automattic.com\/privacy\/. A hozz\u00e1sz\u00f3l\u00e1s elfogad\u00e1sa ut\u00e1n, a hozz\u00e1sz\u00f3l\u00e1sunk tartalma \u00e9s a profil k\u00e9p\u00fcnk is megjelenik nyilv\u00e1nosan.<\/p>\n<!-- \/wp:paragraph -->\n\n<!-- wp:heading -->\n<h2>M\u00e9dia<\/h2>\n<!-- \/wp:heading -->\n\n<!-- wp:paragraph -->\n<p><strong class=\"privacy-policy-tutorial\">Javasolt sz\u00f6veg: <\/strong>Amennyiben regisztr\u00e1lt felhaszn\u00e1l\u00f3 \u00e1ltal ker\u00fcl k\u00e9p felt\u00f6lt\u00e9sre a honlapra, ker\u00fclni kell az az olyan EXIF-eket, amelyekben GPS poz\u00edci\u00f3 adatok is szerepelnek. A honlap l\u00e1togat\u00f3i ezeket let\u00f6lthetik \u00e9s kinyerhetik a helyadatokat a honlapon tal\u00e1lhat\u00f3 k\u00e9pekb\u0151l.<\/p>\n<!-- \/wp:paragraph -->\n\n<!-- wp:heading -->\n<h2>S\u00fctik<\/h2>\n<!-- \/wp:heading -->\n\n<!-- wp:paragraph -->\n<p><strong class=\"privacy-policy-tutorial\">Javasolt sz\u00f6veg: <\/strong>Ha hozz\u00e1sz\u00f3l\u00e1st \u00edrunk a honlapon, a megadott nevet, e-mail \u00e9s honlap c\u00edmet s\u00fctikben elt\u00e1roljuk. A t\u00e1rol\u00e1s a k\u00e9nyelmi c\u00e9lokat szolg\u00e1l az\u00e9rt, \u00edgy a k\u00f6vetkez\u0151 hozz\u00e1sz\u00f3l\u00e1skor ezeket a mez\u0151 adatokat nem kell kit\u00f6lteni. A s\u00fctik lej\u00e1rati ideje egy \u00e9v.<\/p>\n<!-- \/wp:paragraph -->\n\n<!-- wp:paragraph -->\n<p>Ha ell\u00e1togatunk a bejelentkez\u00e9si oldalra, akkor \u00e1tmeneti s\u00fctiket \u00e1ll\u00edtunk be annak \u00e9rdek\u00e9ben, hogy meg\u00e1llap\u00edtsuk, hogy a b\u00f6ng\u00e9sz\u0151 elfogadja-e a s\u00fctiket. Ezek a s\u00fctik nem tartalmaznak szem\u00e9lyes inform\u00e1ci\u00f3t, \u00e9s t\u00f6rl\u0151dnek, ahogy bez\u00e1rjuk a b\u00f6ng\u00e9sz\u0151t.<\/p>\n<!-- \/wp:paragraph -->\n\n<!-- wp:paragraph -->\n<p>A honlapra t\u00f6rt\u00e9n\u0151 bejelentkez\u00e9skor t\u00f6bb s\u00fctit hozunk l\u00e9tre, amely elmenti a bejelentkez\u00e9si inform\u00e1ci\u00f3t \u00e9s a szerkeszt\u0151fel\u00fclet megjelen\u00edt\u00e9si opci\u00f3it. A bejelentkez\u00e9si s\u00fctik k\u00e9t napig \u00e9rv\u00e9nyesek, a szerkeszt\u0151fel\u00fclet megjelen\u00edt\u00e9si opci\u00f3it t\u00e1rol\u00f3 s\u00fcti egy \u00e9vig. Amennyiben az  \"Eml\u00e9kezz r\u00e1m\" opci\u00f3t bejel\u00f6lj\u00fck, a bejelentkez\u00e9s k\u00e9t h\u00e9tig folytat\u00f3dik. Kijelentkez\u00e9skor a bejelentkez\u00e9si s\u00fctik elt\u00e1vol\u00edt\u00e1sra ker\u00fclnek.<\/p>\n<!-- \/wp:paragraph -->\n\n<!-- wp:paragraph -->\n<p>Amennyiben bejegyz\u00e9st vagy oldalt szerkeszt\u00fcnk, egy \u00fajabb s\u00fctit t\u00e1rol el a b\u00f6ng\u00e9sz\u0151nk. Ez a s\u00fcti nem tartalmaz szem\u00e9lyes adatot, egyszer\u0171en csak a bejegyz\u00e9s azonos\u00edt\u00f3 sz\u00e1m\u00e1t t\u00e1rolja, amelyet szerkesztett\u00fcnk. Egy nap m\u00falva j\u00e1r le az \u00e9rv\u00e9nyess\u00e9ge.<\/p>\n<!-- \/wp:paragraph -->\n\n<!-- wp:heading -->\n<h2>M\u00e1s honlapokr\u00f3l sz\u00e1rmaz\u00f3 be\u00e1gyazott tartalmak<\/h2>\n<!-- \/wp:heading -->\n\n<!-- wp:paragraph -->\n<p><strong class=\"privacy-policy-tutorial\">Javasolt sz\u00f6veg: <\/strong>A honlapon el\u00e9rhet\u0151 bejegyz\u00e9sek k\u00fcls\u0151 forr\u00e1sb\u00f3l sz\u00e1rmaz\u00f3 be\u00e1gyazott tartalmakat (pl. vide\u00f3k, k\u00e9pek, cikkek stb.) haszn\u00e1lhatnak. A k\u00fcls\u0151 forr\u00e1sb\u00f3l sz\u00e1rmaz\u00f3 be\u00e1gyazott tartalmak pontosan \u00fagy viselkednek, mintha megl\u00e1togattunk volna egy m\u00e1sik honlapot.<\/p>\n<!-- \/wp:paragraph -->\n\n<!-- wp:paragraph -->\n<p>Ezek a webhelyek lehets\u00e9ges, hogy adatot gy\u0171jtenek a l\u00e1togat\u00f3kr\u00f3l, s\u00fctiket vagy harmadik f\u00e9lt\u0151l sz\u00e1rmaz\u00f3 k\u00f6vet\u0151k\u00f3dot haszn\u00e1lnak, figyelik a be\u00e1gyazott tartalommal kapcsolatos felhaszn\u00e1l\u00f3i viselked\u00e9st, ha rendelkez\u00fcnk felhaszn\u00e1l\u00f3i fi\u00f3kkal \u00e9s be vagyunk jelentkezve az oldalra.<\/p>\n<!-- \/wp:paragraph -->\n\n<!-- wp:heading -->\n<h2>Kivel osztjuk meg a felhaszn\u00e1l\u00f3i adatokat<\/h2>\n<!-- \/wp:heading -->\n\n<!-- wp:paragraph -->\n<p><strong class=\"privacy-policy-tutorial\">Javasolt sz\u00f6veg: <\/strong>Ha jelsz\u00f3-vissza\u00e1ll\u00edt\u00e1st k\u00e9r, akkor az IP-c\u00edmet a vissza\u00e1ll\u00edt\u00f3 e-mail tartalmazza.<\/p>\n<!-- \/wp:paragraph -->\n\n<!-- wp:heading -->\n<h2>Mennyi ideig \u0151rizz\u00fck a szem\u00e9lyes adatot<\/h2>\n<!-- \/wp:heading -->\n\n<!-- wp:paragraph -->\n<p><strong class=\"privacy-policy-tutorial\">Javasolt sz\u00f6veg: <\/strong>Ha hozz\u00e1sz\u00f3lunk, a hozz\u00e1sz\u00f3l\u00e1s \u00e9s annak metaadatai nem meghat\u00e1rozhat\u00f3 ideig a rendszerben maradnak. Ennek c\u00e9lja, hogy az \u00f6sszes ezt k\u00f6vet\u0151 b\u00e1rmely hozz\u00e1sz\u00f3l\u00e1s \u00e1ltalunk megismertt\u00e9 \u00e9s j\u00f3v\u00e1hagyott\u00e1 v\u00e1ljon, azaz ne ker\u00fclj\u00f6n fel a moder\u00e1land\u00f3 hozz\u00e1sz\u00f3l\u00e1sok list\u00e1j\u00e1ra.<\/p>\n<!-- \/wp:paragraph -->\n\n<!-- wp:paragraph -->\n<p>A honlapon regisztr\u00e1lt felhaszn\u00e1l\u00f3k (ha vannak ilyenek) szem\u00e9lyes adatai a saj\u00e1t felhaszn\u00e1l\u00f3i profiljukban is t\u00e1rol\u00e1sra ker\u00fclnek. Minden felhaszn\u00e1l\u00f3 megtekintheti, szerkesztheti vagy t\u00f6r\u00f6lheti a szem\u00e9lyes adatait b\u00e1rmikor (kiv\u00e9ve, hogy nem v\u00e1ltoztathatja meg a saj\u00e1t felhaszn\u00e1l\u00f3i nev\u00e9t). A honlap rendszergazd\u00e1i ezen inform\u00e1ci\u00f3kat szint\u00e9n megtekinthetik \u00e9s szerkeszthetik.<\/p>\n<!-- \/wp:paragraph -->\n\n<!-- wp:heading -->\n<h2>Milyen jogokkal rendelkezik a felhaszn\u00e1l\u00f3 a saj\u00e1t adatai kapcs\u00e1n<\/h2>\n<!-- \/wp:heading -->\n\n<!-- wp:paragraph -->\n<p><strong class=\"privacy-policy-tutorial\">Javasolt sz\u00f6veg: <\/strong>A weboldalon regisztr\u00e1lt fi\u00f3k vagy hozz\u00e1sz\u00f3l\u00e1s \u00edr\u00e1sa eset\u00e9n k\u00e9rhet\u0151 a szem\u00e9lyes adatok export f\u00e1jlban t\u00f6rt\u00e9n\u0151 megk\u00fcld\u00e9se, amely b\u00e1rmilyen adatot tartalmaz, amit kor\u00e1bban a felhaszn\u00e1l\u00f3 rendelkez\u00e9s\u00fcnkre bocs\u00e1tott. K\u00e9rhet\u0151 tov\u00e1bb\u00e1, hogy b\u00e1rmilyen kor\u00e1bban megadott szem\u00e9lyes adatot t\u00f6r\u00f6lj\u00fck. Ez nem vonatkozik azokra az adatokra, amelyeket adminisztr\u00e1ci\u00f3s, jogi vagy biztons\u00e1gi okokb\u00f3l k\u00f6telez\u0151 meg\u0151rizn\u00fcnk.<\/p>\n<!-- \/wp:paragraph -->\n\n<!-- wp:heading -->\n<h2>Hov\u00e1 tov\u00e1bb\u00edtjuk az adatokat<\/h2>\n<!-- \/wp:heading -->\n\n<!-- wp:paragraph -->\n<p><strong class=\"privacy-policy-tutorial\">Javasolt sz\u00f6veg: <\/strong>A l\u00e1togat\u00f3k \u00e1ltal bek\u00fcld\u00f6tt hozz\u00e1sz\u00f3l\u00e1sokat automatikus spamsz\u0171r\u0151 szolg\u00e1ltat\u00e1s ellen\u0151rizheti.<\/p>\n<!-- \/wp:paragraph -->","_et_gb_content_width":"","inline_featured_image":false,"footnotes":""},"class_list":["post-3","page","type-page","status-publish","hentry"],"yoast_head":"<!-- This site is optimized with the Yoast SEO plugin v27.5 - https:\/\/yoast.com\/product\/yoast-seo-wordpress\/ -->\n<title>Winergy energetika | Adatv\u00e9delmi nyilatkozat.<\/title>\n<meta name=\"robots\" content=\"noindex, nofollow\" \/>\n<meta property=\"og:locale\" content=\"en_GB\" \/>\n<meta property=\"og:type\" content=\"article\" \/>\n<meta property=\"og:title\" content=\"Winergy energetika | Adatv\u00e9delmi nyilatkozat\" \/>\n<meta property=\"og:description\" content=\"Adatv\u00e9delmi nyilatkozat1. BEVEZET\u00c9S A Winergy Kft. (Sz\u00e9khely: 1032 Budapest, B\u00e9csi \u00fat 217. VII. emelet 41., Ad\u00f3sz\u00e1m: 25708035-2-41), mint adatkezel\u0151\u00a0v\u00e1llalja, hogy minden r\u00e1b\u00edzott adatot a jelen jogi k\u00f6zlem\u00e9nyben r\u00e9szletezett m\u00f3don kezel. Az Adatkezel\u0151 adatkezel\u00e9si szab\u00e1lyzata folyamatosan el\u00e9rhet\u0151 https:\/\/winergy.hu\/adatvedelmi-nyilatkozat\u00a0c\u00edmen. Az Adatkezel\u0151 fenntartja mag\u00e1nak a jogot jelen t\u00e1j\u00e9koztat\u00f3 megv\u00e1ltoztat\u00e1s\u00e1ra. Az Adatkezel\u0151 tiszteletben tartja \u00fcgyfelei inform\u00e1ci\u00f3s \u00f6nrendelkez\u00e9si jog\u00e1t. Az [&hellip;]\" \/>\n<meta property=\"og:url\" content=\"https:\/\/energetika.winergy.hu\/en\/adatvedelmi-nyilatkozat\/\" \/>\n<meta property=\"og:site_name\" content=\"energetika.winergy.hu\" \/>\n<meta property=\"article:publisher\" content=\"https:\/\/www.facebook.com\/winergymernokiroda\" \/>\n<meta property=\"article:modified_time\" content=\"2024-10-17T14:51:24+00:00\" \/>\n<meta property=\"og:image\" content=\"http:\/\/energetika.winergy.hu\/wp-content\/uploads\/2024\/06\/winergy_energetika_adatvedelmi_nyilatkozat.png\" \/>\n\t<meta property=\"og:image:width\" content=\"1858\" \/>\n\t<meta property=\"og:image:height\" content=\"903\" \/>\n\t<meta property=\"og:image:type\" content=\"image\/png\" \/>\n<meta name=\"twitter:card\" content=\"summary_large_image\" \/>\n<meta name=\"twitter:label1\" content=\"Estimated reading time\" \/>\n\t<meta name=\"twitter:data1\" content=\"5 minutes\" \/>\n<script type=\"application\/ld+json\" class=\"yoast-schema-graph\">{\"@context\":\"https:\\\/\\\/schema.org\",\"@graph\":[{\"@type\":\"WebPage\",\"@id\":\"https:\\\/\\\/energetika.winergy.hu\\\/adatvedelmi-nyilatkozat\\\/\",\"url\":\"https:\\\/\\\/energetika.winergy.hu\\\/adatvedelmi-nyilatkozat\\\/\",\"name\":\"Winergy energetika | Adatv\u00e9delmi nyilatkozat.\",\"isPartOf\":{\"@id\":\"https:\\\/\\\/energetika.winergy.hu\\\/#website\"},\"datePublished\":\"2021-05-27T08:19:19+00:00\",\"dateModified\":\"2024-10-17T14:51:24+00:00\",\"breadcrumb\":{\"@id\":\"https:\\\/\\\/energetika.winergy.hu\\\/adatvedelmi-nyilatkozat\\\/#breadcrumb\"},\"inLanguage\":\"en-GB\",\"potentialAction\":[{\"@type\":\"ReadAction\",\"target\":[\"https:\\\/\\\/energetika.winergy.hu\\\/adatvedelmi-nyilatkozat\\\/\"]}]},{\"@type\":\"BreadcrumbList\",\"@id\":\"https:\\\/\\\/energetika.winergy.hu\\\/adatvedelmi-nyilatkozat\\\/#breadcrumb\",\"itemListElement\":[{\"@type\":\"ListItem\",\"position\":1,\"name\":\"Kezd\u0151lap\",\"item\":\"https:\\\/\\\/energetika.winergy.hu\\\/\"},{\"@type\":\"ListItem\",\"position\":2,\"name\":\"Adatv\u00e9delmi nyilatkozat\"}]},{\"@type\":\"WebSite\",\"@id\":\"https:\\\/\\\/energetika.winergy.hu\\\/#website\",\"url\":\"https:\\\/\\\/energetika.winergy.hu\\\/\",\"name\":\"energetika.winergy.hu\",\"description\":\"Winergy energetika: az energetikai szak\u00e9rt\u0151\",\"publisher\":{\"@id\":\"https:\\\/\\\/energetika.winergy.hu\\\/#organization\"},\"potentialAction\":[{\"@type\":\"SearchAction\",\"target\":{\"@type\":\"EntryPoint\",\"urlTemplate\":\"https:\\\/\\\/energetika.winergy.hu\\\/?s={search_term_string}\"},\"query-input\":{\"@type\":\"PropertyValueSpecification\",\"valueRequired\":true,\"valueName\":\"search_term_string\"}}],\"inLanguage\":\"en-GB\"},{\"@type\":\"Organization\",\"@id\":\"https:\\\/\\\/energetika.winergy.hu\\\/#organization\",\"name\":\"Winergy Kft.\",\"url\":\"https:\\\/\\\/energetika.winergy.hu\\\/\",\"logo\":{\"@type\":\"ImageObject\",\"inLanguage\":\"en-GB\",\"@id\":\"https:\\\/\\\/energetika.winergy.hu\\\/#\\\/schema\\\/logo\\\/image\\\/\",\"url\":\"https:\\\/\\\/energetika.winergy.hu\\\/wp-content\\\/uploads\\\/2021\\\/09\\\/winergy-energetika-logo.svg\",\"contentUrl\":\"https:\\\/\\\/energetika.winergy.hu\\\/wp-content\\\/uploads\\\/2021\\\/09\\\/winergy-energetika-logo.svg\",\"width\":595.2,\"height\":164.6,\"caption\":\"Winergy Kft.\"},\"image\":{\"@id\":\"https:\\\/\\\/energetika.winergy.hu\\\/#\\\/schema\\\/logo\\\/image\\\/\"},\"sameAs\":[\"https:\\\/\\\/www.facebook.com\\\/winergymernokiroda\",\"https:\\\/\\\/www.instagram.com\\\/winergy_az_energiatudatos_jovo\\\/\",\"https:\\\/\\\/hu.linkedin.com\\\/company\\\/winergy-kft\"]}]}<\/script>\n<!-- \/ Yoast SEO plugin. -->","yoast_head_json":{"title":"Winergy energetika | Adatv\u00e9delmi nyilatkozat.","robots":{"index":"noindex","follow":"nofollow"},"og_locale":"en_GB","og_type":"article","og_title":"Winergy energetika | Adatv\u00e9delmi nyilatkozat","og_description":"Adatv\u00e9delmi nyilatkozat1. BEVEZET\u00c9S A Winergy Kft. (Sz\u00e9khely: 1032 Budapest, B\u00e9csi \u00fat 217. VII. emelet 41., Ad\u00f3sz\u00e1m: 25708035-2-41), mint adatkezel\u0151\u00a0v\u00e1llalja, hogy minden r\u00e1b\u00edzott adatot a jelen jogi k\u00f6zlem\u00e9nyben r\u00e9szletezett m\u00f3don kezel. Az Adatkezel\u0151 adatkezel\u00e9si szab\u00e1lyzata folyamatosan el\u00e9rhet\u0151 https:\/\/winergy.hu\/adatvedelmi-nyilatkozat\u00a0c\u00edmen. Az Adatkezel\u0151 fenntartja mag\u00e1nak a jogot jelen t\u00e1j\u00e9koztat\u00f3 megv\u00e1ltoztat\u00e1s\u00e1ra. Az Adatkezel\u0151 tiszteletben tartja \u00fcgyfelei inform\u00e1ci\u00f3s \u00f6nrendelkez\u00e9si jog\u00e1t. Az [&hellip;]","og_url":"https:\/\/energetika.winergy.hu\/en\/adatvedelmi-nyilatkozat\/","og_site_name":"energetika.winergy.hu","article_publisher":"https:\/\/www.facebook.com\/winergymernokiroda","article_modified_time":"2024-10-17T14:51:24+00:00","og_image":[{"width":1858,"height":903,"url":"http:\/\/energetika.winergy.hu\/wp-content\/uploads\/2024\/06\/winergy_energetika_adatvedelmi_nyilatkozat.png","type":"image\/png"}],"twitter_card":"summary_large_image","twitter_misc":{"Estimated reading time":"5 minutes"},"schema":{"@context":"https:\/\/schema.org","@graph":[{"@type":"WebPage","@id":"https:\/\/energetika.winergy.hu\/adatvedelmi-nyilatkozat\/","url":"https:\/\/energetika.winergy.hu\/adatvedelmi-nyilatkozat\/","name":"Winergy energetika | Adatv\u00e9delmi nyilatkozat.","isPartOf":{"@id":"https:\/\/energetika.winergy.hu\/#website"},"datePublished":"2021-05-27T08:19:19+00:00","dateModified":"2024-10-17T14:51:24+00:00","breadcrumb":{"@id":"https:\/\/energetika.winergy.hu\/adatvedelmi-nyilatkozat\/#breadcrumb"},"inLanguage":"en-GB","potentialAction":[{"@type":"ReadAction","target":["https:\/\/energetika.winergy.hu\/adatvedelmi-nyilatkozat\/"]}]},{"@type":"BreadcrumbList","@id":"https:\/\/energetika.winergy.hu\/adatvedelmi-nyilatkozat\/#breadcrumb","itemListElement":[{"@type":"ListItem","position":1,"name":"Kezd\u0151lap","item":"https:\/\/energetika.winergy.hu\/"},{"@type":"ListItem","position":2,"name":"Adatv\u00e9delmi nyilatkozat"}]},{"@type":"WebSite","@id":"https:\/\/energetika.winergy.hu\/#website","url":"https:\/\/energetika.winergy.hu\/","name":"energetika.winergy.hu","description":"Winergy energetika: az energetikai szak\u00e9rt\u0151","publisher":{"@id":"https:\/\/energetika.winergy.hu\/#organization"},"potentialAction":[{"@type":"SearchAction","target":{"@type":"EntryPoint","urlTemplate":"https:\/\/energetika.winergy.hu\/?s={search_term_string}"},"query-input":{"@type":"PropertyValueSpecification","valueRequired":true,"valueName":"search_term_string"}}],"inLanguage":"en-GB"},{"@type":"Organization","@id":"https:\/\/energetika.winergy.hu\/#organization","name":"Winergy Kft.","url":"https:\/\/energetika.winergy.hu\/","logo":{"@type":"ImageObject","inLanguage":"en-GB","@id":"https:\/\/energetika.winergy.hu\/#\/schema\/logo\/image\/","url":"https:\/\/energetika.winergy.hu\/wp-content\/uploads\/2021\/09\/winergy-energetika-logo.svg","contentUrl":"https:\/\/energetika.winergy.hu\/wp-content\/uploads\/2021\/09\/winergy-energetika-logo.svg","width":595.2,"height":164.6,"caption":"Winergy Kft."},"image":{"@id":"https:\/\/energetika.winergy.hu\/#\/schema\/logo\/image\/"},"sameAs":["https:\/\/www.facebook.com\/winergymernokiroda","https:\/\/www.instagram.com\/winergy_az_energiatudatos_jovo\/","https:\/\/hu.linkedin.com\/company\/winergy-kft"]}]}},"_links":{"self":[{"href":"https:\/\/energetika.winergy.hu\/en\/wp-json\/wp\/v2\/pages\/3","targetHints":{"allow":["GET"]}}],"collection":[{"href":"https:\/\/energetika.winergy.hu\/en\/wp-json\/wp\/v2\/pages"}],"about":[{"href":"https:\/\/energetika.winergy.hu\/en\/wp-json\/wp\/v2\/types\/page"}],"author":[{"embeddable":true,"href":"https:\/\/energetika.winergy.hu\/en\/wp-json\/wp\/v2\/users\/1"}],"replies":[{"embeddable":true,"href":"https:\/\/energetika.winergy.hu\/en\/wp-json\/wp\/v2\/comments?post=3"}],"version-history":[{"count":11,"href":"https:\/\/energetika.winergy.hu\/en\/wp-json\/wp\/v2\/pages\/3\/revisions"}],"predecessor-version":[{"id":3003,"href":"https:\/\/energetika.winergy.hu\/en\/wp-json\/wp\/v2\/pages\/3\/revisions\/3003"}],"wp:attachment":[{"href":"https:\/\/energetika.winergy.hu\/en\/wp-json\/wp\/v2\/media?parent=3"}],"curies":[{"name":"wp","href":"https:\/\/api.w.org\/{rel}","templated":true}]}}