{"id":627,"date":"2021-06-21T06:45:28","date_gmt":"2021-06-21T06:45:28","guid":{"rendered":"https:\/\/energetika.winergy.hu\/?page_id=627"},"modified":"2024-06-03T22:08:16","modified_gmt":"2024-06-03T22:08:16","slug":"impresszum","status":"publish","type":"page","link":"https:\/\/energetika.winergy.hu\/en\/impresszum\/","title":{"rendered":"About us"},"content":{"rendered":"[et_pb_section fb_built=&#8221;1&#8243; next_background_color=&#8221;#f0f0f0&#8243; _builder_version=&#8221;4.6.6&#8243; _module_preset=&#8221;default&#8221; background_image=&#8221;https:\/\/energetika.winergy.hu\/wp-content\/uploads\/2021\/06\/hatter-zold.png&#8221; bottom_divider_style=&#8221;arrow&#8221;][et_pb_row _builder_version=&#8221;4.6.6&#8243; _module_preset=&#8221;default&#8221;][et_pb_column type=&#8221;4_4&#8243; _builder_version=&#8221;4.6.6&#8243; _module_preset=&#8221;default&#8221;][et_pb_text _builder_version=&#8221;4.9.10&#8243; _module_preset=&#8221;default&#8221; text_text_color=&#8221;#ffffff&#8221; header_font=&#8221;|||on|||||&#8221; header_text_color=&#8221;#31849b&#8221; header_font_size=&#8221;50px&#8221; border_radii=&#8221;on|0vw|0vw|0vw|0vw&#8221;]<h1 style=\"text-align: center;\"><strong>About us<\/strong><\/h1>[\/et_pb_text][\/et_pb_column][\/et_pb_row][\/et_pb_section][et_pb_section fb_built=&#8221;1&#8243; _builder_version=&#8221;4.6.6&#8243; _module_preset=&#8221;default&#8221; background_color=&#8221;#f0f0f0&#8243;][et_pb_row _builder_version=&#8221;4.6.6&#8243; _module_preset=&#8221;default&#8221;][et_pb_column type=&#8221;4_4&#8243; _builder_version=&#8221;4.6.6&#8243; _module_preset=&#8221;default&#8221;][et_pb_text _builder_version=&#8221;4.9.10&#8243; _module_preset=&#8221;default&#8221; text_font_size=&#8221;18px&#8221; hover_enabled=&#8221;0&#8243; border_radii=&#8221;on|0vw|0vw|0vw|0vw&#8221; sticky_enabled=&#8221;0&#8243; link_option_url_new_window=&#8221;on&#8221;]<p><strong>C\u00e9gn\u00e9v:<\/strong><span>\u00a0<\/span>Winergy Kft.<\/p>\n<p><strong>C\u00edm:<\/strong><span>\u00a0<\/span>1034 Budapest, B\u00e9csi \u00fat 100.<\/p>\n<p><strong>Email:<\/strong><span>\u00a0<a href=\"mailto:info@winergy.hu\">info@winergy.hu<\/a><\/span><\/p>\n<p><strong>A c\u00e9get bejegyz\u0151 hat\u00f3s\u00e1g:<\/strong><span>\u00a0<\/span>F\u0151v\u00e1rosi C\u00e9gb\u00edr\u00f3s\u00e1g<\/p>\n<p><strong>C\u00e9gjegyz\u00e9ksz\u00e1m:<\/strong><span> 01-09-324668<\/span><\/p>\n<p><strong>Ad\u00f3sz\u00e1m:<\/strong><span> 25708035-2-41<\/span><\/p>\n<p><strong>Kamara:<\/strong><span>\u00a0<\/span>Budapesti Kereskedelmi \u00e9s Iparkamara (BKIK)<\/p>\n<p><strong>T\u00e1rhelyszolg\u00e1ltat\u00f3:<\/strong><span> WebHostIcon T\u00e1rhely- \u00e9s Domain Szolg\u00e1ltat\u00f3 Kft.<\/span><\/p>\n<p><strong>Facebook:<\/strong><a href=\"https:\/\/www.facebook.com\/winergymernokiroda\"><span> https:\/\/www.facebook.com\/winergymernokiroda<\/span><\/a><\/p>\n<p><span><strong>LinkedIn:<\/strong> <a href=\"https:\/\/www.linkedin.com\/company\/winergy-kft\">https:\/\/www.linkedin.com\/company\/winergy-kft<\/a><\/span><\/p>\n<p><span><strong>Instagram:<\/strong> <a href=\"https:\/\/www.instagram.com\/winergy_az_energiatudatos_jovo\">https:\/\/www.instagram.com\/winergy_az_energiatudatos_jovo<\/a><\/span><\/p>[\/et_pb_text][\/et_pb_column][\/et_pb_row][\/et_pb_section]","protected":false},"excerpt":{"rendered":"<p>ImpresszumC\u00e9gn\u00e9v:\u00a0Winergy Kft. C\u00edm:\u00a01034 Budapest, B\u00e9csi \u00fat 100. E-mail:\u00a0info@winergy.hu A c\u00e9get bejegyz\u0151 hat\u00f3s\u00e1g:\u00a0F\u0151v\u00e1rosi C\u00e9gb\u00edr\u00f3s\u00e1g C\u00e9gjegyz\u00e9ksz\u00e1m: 01-09-324668 Ad\u00f3sz\u00e1m: 25708035-2-41 Kamara:\u00a0Budapesti Kereskedelmi \u00e9s Iparkamara (BKIK) T\u00e1rhelyszolg\u00e1ltat\u00f3: WebHostIcon T\u00e1rhely- \u00e9s Domain Szolg\u00e1ltat\u00f3 Kft. Facebook: https:\/\/www.facebook.com\/winergymernokiroda LinkedIn: https:\/\/www.linkedin.com\/company\/winergy-kft Instagram: https:\/\/www.instagram.com\/winergy_az_energiatudatos_jovo<\/p>","protected":false},"author":1,"featured_media":0,"parent":0,"menu_order":0,"comment_status":"closed","ping_status":"closed","template":"","meta":{"_et_pb_use_builder":"on","_et_pb_old_content":"","_et_gb_content_width":"","inline_featured_image":false,"footnotes":""},"class_list":["post-627","page","type-page","status-publish","hentry"],"yoast_head":"<!-- This site is optimized with the Yoast SEO plugin v27.5 - https:\/\/yoast.com\/product\/yoast-seo-wordpress\/ -->\n<title>Winergy energetika | Impresszum.<\/title>\n<meta name=\"robots\" content=\"index, follow, max-snippet:-1, max-image-preview:large, max-video-preview:-1\" \/>\n<link rel=\"canonical\" href=\"https:\/\/energetika.winergy.hu\/en\/impresszum\/\" \/>\n<meta property=\"og:locale\" content=\"en_GB\" \/>\n<meta property=\"og:type\" content=\"article\" \/>\n<meta property=\"og:title\" content=\"Winergy energetika | Impresszum\" \/>\n<meta property=\"og:description\" content=\"ImpresszumC\u00e9gn\u00e9v:\u00a0Winergy Kft. C\u00edm:\u00a01034 Budapest, B\u00e9csi \u00fat 100. E-mail:\u00a0info@winergy.hu A c\u00e9get bejegyz\u0151 hat\u00f3s\u00e1g:\u00a0F\u0151v\u00e1rosi C\u00e9gb\u00edr\u00f3s\u00e1g C\u00e9gjegyz\u00e9ksz\u00e1m: 01-09-324668 Ad\u00f3sz\u00e1m: 25708035-2-41 Kamara:\u00a0Budapesti Kereskedelmi \u00e9s Iparkamara (BKIK) T\u00e1rhelyszolg\u00e1ltat\u00f3: WebHostIcon T\u00e1rhely- \u00e9s Domain Szolg\u00e1ltat\u00f3 Kft. Facebook: https:\/\/www.facebook.com\/winergymernokiroda LinkedIn: https:\/\/www.linkedin.com\/company\/winergy-kft Instagram: https:\/\/www.instagram.com\/winergy_az_energiatudatos_jovo\" \/>\n<meta property=\"og:url\" content=\"https:\/\/energetika.winergy.hu\/en\/impresszum\/\" \/>\n<meta property=\"og:site_name\" content=\"energetika.winergy.hu\" \/>\n<meta property=\"article:publisher\" content=\"https:\/\/www.facebook.com\/winergymernokiroda\" \/>\n<meta property=\"article:modified_time\" content=\"2024-06-03T22:08:16+00:00\" \/>\n<meta property=\"og:image\" content=\"http:\/\/energetika.winergy.hu\/wp-content\/uploads\/2024\/06\/winergy_energetika_impresszum.png\" \/>\n\t<meta property=\"og:image:width\" content=\"1853\" \/>\n\t<meta property=\"og:image:height\" content=\"897\" \/>\n\t<meta property=\"og:image:type\" content=\"image\/png\" \/>\n<meta name=\"twitter:card\" content=\"summary_large_image\" \/>\n<meta name=\"twitter:label1\" content=\"Estimated reading time\" \/>\n\t<meta name=\"twitter:data1\" content=\"1 minute\" \/>\n<script type=\"application\/ld+json\" class=\"yoast-schema-graph\">{\"@context\":\"https:\\\/\\\/schema.org\",\"@graph\":[{\"@type\":\"WebPage\",\"@id\":\"https:\\\/\\\/energetika.winergy.hu\\\/impresszum\\\/\",\"url\":\"https:\\\/\\\/energetika.winergy.hu\\\/impresszum\\\/\",\"name\":\"Winergy energetika | Impresszum.\",\"isPartOf\":{\"@id\":\"https:\\\/\\\/energetika.winergy.hu\\\/#website\"},\"datePublished\":\"2021-06-21T06:45:28+00:00\",\"dateModified\":\"2024-06-03T22:08:16+00:00\",\"breadcrumb\":{\"@id\":\"https:\\\/\\\/energetika.winergy.hu\\\/impresszum\\\/#breadcrumb\"},\"inLanguage\":\"en-GB\",\"potentialAction\":[{\"@type\":\"ReadAction\",\"target\":[\"https:\\\/\\\/energetika.winergy.hu\\\/impresszum\\\/\"]}]},{\"@type\":\"BreadcrumbList\",\"@id\":\"https:\\\/\\\/energetika.winergy.hu\\\/impresszum\\\/#breadcrumb\",\"itemListElement\":[{\"@type\":\"ListItem\",\"position\":1,\"name\":\"Kezd\u0151lap\",\"item\":\"https:\\\/\\\/energetika.winergy.hu\\\/\"},{\"@type\":\"ListItem\",\"position\":2,\"name\":\"Impresszum\"}]},{\"@type\":\"WebSite\",\"@id\":\"https:\\\/\\\/energetika.winergy.hu\\\/#website\",\"url\":\"https:\\\/\\\/energetika.winergy.hu\\\/\",\"name\":\"energetika.winergy.hu\",\"description\":\"Winergy energetika: az energetikai szak\u00e9rt\u0151\",\"publisher\":{\"@id\":\"https:\\\/\\\/energetika.winergy.hu\\\/#organization\"},\"potentialAction\":[{\"@type\":\"SearchAction\",\"target\":{\"@type\":\"EntryPoint\",\"urlTemplate\":\"https:\\\/\\\/energetika.winergy.hu\\\/?s={search_term_string}\"},\"query-input\":{\"@type\":\"PropertyValueSpecification\",\"valueRequired\":true,\"valueName\":\"search_term_string\"}}],\"inLanguage\":\"en-GB\"},{\"@type\":\"Organization\",\"@id\":\"https:\\\/\\\/energetika.winergy.hu\\\/#organization\",\"name\":\"Winergy Kft.\",\"url\":\"https:\\\/\\\/energetika.winergy.hu\\\/\",\"logo\":{\"@type\":\"ImageObject\",\"inLanguage\":\"en-GB\",\"@id\":\"https:\\\/\\\/energetika.winergy.hu\\\/#\\\/schema\\\/logo\\\/image\\\/\",\"url\":\"https:\\\/\\\/energetika.winergy.hu\\\/wp-content\\\/uploads\\\/2021\\\/09\\\/winergy-energetika-logo.svg\",\"contentUrl\":\"https:\\\/\\\/energetika.winergy.hu\\\/wp-content\\\/uploads\\\/2021\\\/09\\\/winergy-energetika-logo.svg\",\"width\":595.2,\"height\":164.6,\"caption\":\"Winergy Kft.\"},\"image\":{\"@id\":\"https:\\\/\\\/energetika.winergy.hu\\\/#\\\/schema\\\/logo\\\/image\\\/\"},\"sameAs\":[\"https:\\\/\\\/www.facebook.com\\\/winergymernokiroda\",\"https:\\\/\\\/www.instagram.com\\\/winergy_az_energiatudatos_jovo\\\/\",\"https:\\\/\\\/hu.linkedin.com\\\/company\\\/winergy-kft\"]}]}<\/script>\n<!-- \/ Yoast SEO plugin. -->","yoast_head_json":{"title":"Winergy energetika | Impresszum.","robots":{"index":"index","follow":"follow","max-snippet":"max-snippet:-1","max-image-preview":"max-image-preview:large","max-video-preview":"max-video-preview:-1"},"canonical":"https:\/\/energetika.winergy.hu\/en\/impresszum\/","og_locale":"en_GB","og_type":"article","og_title":"Winergy energetika | Impresszum","og_description":"ImpresszumC\u00e9gn\u00e9v:\u00a0Winergy Kft. C\u00edm:\u00a01034 Budapest, B\u00e9csi \u00fat 100. E-mail:\u00a0info@winergy.hu A c\u00e9get bejegyz\u0151 hat\u00f3s\u00e1g:\u00a0F\u0151v\u00e1rosi C\u00e9gb\u00edr\u00f3s\u00e1g C\u00e9gjegyz\u00e9ksz\u00e1m: 01-09-324668 Ad\u00f3sz\u00e1m: 25708035-2-41 Kamara:\u00a0Budapesti Kereskedelmi \u00e9s Iparkamara (BKIK) T\u00e1rhelyszolg\u00e1ltat\u00f3: WebHostIcon T\u00e1rhely- \u00e9s Domain Szolg\u00e1ltat\u00f3 Kft. Facebook: https:\/\/www.facebook.com\/winergymernokiroda LinkedIn: https:\/\/www.linkedin.com\/company\/winergy-kft Instagram: https:\/\/www.instagram.com\/winergy_az_energiatudatos_jovo","og_url":"https:\/\/energetika.winergy.hu\/en\/impresszum\/","og_site_name":"energetika.winergy.hu","article_publisher":"https:\/\/www.facebook.com\/winergymernokiroda","article_modified_time":"2024-06-03T22:08:16+00:00","og_image":[{"width":1853,"height":897,"url":"http:\/\/energetika.winergy.hu\/wp-content\/uploads\/2024\/06\/winergy_energetika_impresszum.png","type":"image\/png"}],"twitter_card":"summary_large_image","twitter_misc":{"Estimated reading time":"1 minute"},"schema":{"@context":"https:\/\/schema.org","@graph":[{"@type":"WebPage","@id":"https:\/\/energetika.winergy.hu\/impresszum\/","url":"https:\/\/energetika.winergy.hu\/impresszum\/","name":"Winergy energetika | Impresszum.","isPartOf":{"@id":"https:\/\/energetika.winergy.hu\/#website"},"datePublished":"2021-06-21T06:45:28+00:00","dateModified":"2024-06-03T22:08:16+00:00","breadcrumb":{"@id":"https:\/\/energetika.winergy.hu\/impresszum\/#breadcrumb"},"inLanguage":"en-GB","potentialAction":[{"@type":"ReadAction","target":["https:\/\/energetika.winergy.hu\/impresszum\/"]}]},{"@type":"BreadcrumbList","@id":"https:\/\/energetika.winergy.hu\/impresszum\/#breadcrumb","itemListElement":[{"@type":"ListItem","position":1,"name":"Kezd\u0151lap","item":"https:\/\/energetika.winergy.hu\/"},{"@type":"ListItem","position":2,"name":"Impresszum"}]},{"@type":"WebSite","@id":"https:\/\/energetika.winergy.hu\/#website","url":"https:\/\/energetika.winergy.hu\/","name":"energetika.winergy.hu","description":"Winergy energetika: az energetikai szak\u00e9rt\u0151","publisher":{"@id":"https:\/\/energetika.winergy.hu\/#organization"},"potentialAction":[{"@type":"SearchAction","target":{"@type":"EntryPoint","urlTemplate":"https:\/\/energetika.winergy.hu\/?s={search_term_string}"},"query-input":{"@type":"PropertyValueSpecification","valueRequired":true,"valueName":"search_term_string"}}],"inLanguage":"en-GB"},{"@type":"Organization","@id":"https:\/\/energetika.winergy.hu\/#organization","name":"Winergy Kft.","url":"https:\/\/energetika.winergy.hu\/","logo":{"@type":"ImageObject","inLanguage":"en-GB","@id":"https:\/\/energetika.winergy.hu\/#\/schema\/logo\/image\/","url":"https:\/\/energetika.winergy.hu\/wp-content\/uploads\/2021\/09\/winergy-energetika-logo.svg","contentUrl":"https:\/\/energetika.winergy.hu\/wp-content\/uploads\/2021\/09\/winergy-energetika-logo.svg","width":595.2,"height":164.6,"caption":"Winergy Kft."},"image":{"@id":"https:\/\/energetika.winergy.hu\/#\/schema\/logo\/image\/"},"sameAs":["https:\/\/www.facebook.com\/winergymernokiroda","https:\/\/www.instagram.com\/winergy_az_energiatudatos_jovo\/","https:\/\/hu.linkedin.com\/company\/winergy-kft"]}]}},"_links":{"self":[{"href":"https:\/\/energetika.winergy.hu\/en\/wp-json\/wp\/v2\/pages\/627","targetHints":{"allow":["GET"]}}],"collection":[{"href":"https:\/\/energetika.winergy.hu\/en\/wp-json\/wp\/v2\/pages"}],"about":[{"href":"https:\/\/energetika.winergy.hu\/en\/wp-json\/wp\/v2\/types\/page"}],"author":[{"embeddable":true,"href":"https:\/\/energetika.winergy.hu\/en\/wp-json\/wp\/v2\/users\/1"}],"replies":[{"embeddable":true,"href":"https:\/\/energetika.winergy.hu\/en\/wp-json\/wp\/v2\/comments?post=627"}],"version-history":[{"count":14,"href":"https:\/\/energetika.winergy.hu\/en\/wp-json\/wp\/v2\/pages\/627\/revisions"}],"predecessor-version":[{"id":2059,"href":"https:\/\/energetika.winergy.hu\/en\/wp-json\/wp\/v2\/pages\/627\/revisions\/2059"}],"wp:attachment":[{"href":"https:\/\/energetika.winergy.hu\/en\/wp-json\/wp\/v2\/media?parent=627"}],"curies":[{"name":"wp","href":"https:\/\/api.w.org\/{rel}","templated":true}]}}