{"id":645,"date":"2021-06-21T09:15:51","date_gmt":"2021-06-21T09:15:51","guid":{"rendered":"https:\/\/energetika.winergy.hu\/?page_id=645"},"modified":"2025-03-10T07:06:28","modified_gmt":"2025-03-10T07:06:28","slug":"kapcsolat","status":"publish","type":"page","link":"https:\/\/energetika.winergy.hu\/en\/kapcsolat\/","title":{"rendered":"Contact"},"content":{"rendered":"<p>[et_pb_section fb_built=&#8221;1&#8243; next_background_color=&#8221;#ffffff&#8221; _builder_version=&#8221;4.16&#8243; _module_preset=&#8221;default&#8221; background_color=&#8221;#f0f0f0&#8243; background_image=&#8221;https:\/\/energetika.winergy.hu\/wp-content\/uploads\/2021\/06\/hatter-zold.png&#8221; custom_margin=&#8221;||50px||false|false&#8221; bottom_divider_style=&#8221;arrow&#8221; global_colors_info=&#8221;{}&#8221;][et_pb_row _builder_version=&#8221;4.16&#8243; _module_preset=&#8221;default&#8221; global_colors_info=&#8221;{}&#8221;][et_pb_column type=&#8221;4_4&#8243; _builder_version=&#8221;4.16&#8243; _module_preset=&#8221;default&#8221; global_colors_info=&#8221;{}&#8221;][et_pb_text _builder_version=&#8221;4.19.1&#8243; _module_preset=&#8221;default&#8221; text_text_color=&#8221;#ffffff&#8221; header_font=&#8221;|||on|||||&#8221; header_text_color=&#8221;#31849b&#8221; header_font_size=&#8221;50px&#8221; border_radii=&#8221;on|0vw|0vw|0vw|0vw&#8221; global_colors_info=&#8221;{}&#8221;]<\/p>\n<h1 style=\"text-align: center;\"><strong>Contact<\/strong><\/h1>\n<p>[\/et_pb_text][\/et_pb_column][\/et_pb_row][\/et_pb_section][et_pb_section fb_built=&#8221;1&#8243; fullwidth=&#8221;on&#8221; _builder_version=&#8221;4.16&#8243; global_colors_info=&#8221;{}&#8221;][et_pb_fullwidth_code _builder_version=&#8221;4.16&#8243; _module_preset=&#8221;default&#8221; global_colors_info=&#8221;{}&#8221;]<iframe src=\"https:\/\/www.google.com\/maps\/embed?pb=!1m18!1m12!1m3!1d2693.7043859071523!2d19.03188821562802!3d47.53461797918003!2m3!1f0!2f0!3f0!3m2!1i1024!2i768!4f13.1!3m3!1m2!1s0x4741d95ae5073dc3%3A0x11c84ba66b70d593!2zQnVkYXBlc3QsIELDqWNzaSDDunQgMTAwLCAxMDM0!5e0!3m2!1shu!2shu!4v1629807419261!5m2!1shu!2shu\" width=\"100%\" height=\"450\" style=\"border:0;\" allowfullscreen=\"\" loading=\"lazy\"><\/iframe>[\/et_pb_fullwidth_code][\/et_pb_section][et_pb_section fb_built=&#8221;1&#8243; _builder_version=&#8221;4.16&#8243; _module_preset=&#8221;default&#8221; background_color=&#8221;#f0f0f0&#8243; global_colors_info=&#8221;{}&#8221;][et_pb_row column_structure=&#8221;2_3,1_3&#8243; use_custom_gutter=&#8221;on&#8221; gutter_width=&#8221;1&#8243; make_equal=&#8221;on&#8221; admin_label=&#8221;Contact&#8221; _builder_version=&#8221;4.24.3&#8243; background_color=&#8221;#FFFFFF&#8221; background_color_gradient_direction=&#8221;90deg&#8221; background_size=&#8221;initial&#8221; background_position=&#8221;top_left&#8221; background_repeat=&#8221;repeat&#8221; z_index=&#8221;10&#8243; custom_margin=&#8221;-10%||||false|false&#8221; custom_padding=&#8221;0px|0px|0px|0px&#8221; animation_style=&#8221;slide&#8221; animation_direction=&#8221;bottom&#8221; animation_intensity_slide=&#8221;4%&#8221; border_radii=&#8221;on|15px|15px|15px|15px&#8221; box_shadow_style=&#8221;preset3&#8243; box_shadow_vertical=&#8221;58px&#8221; box_shadow_blur=&#8221;58px&#8221; box_shadow_color=&#8221;rgba(0,0,0,0.1)&#8221; global_colors_info=&#8221;{}&#8221;][et_pb_column type=&#8221;2_3&#8243; _builder_version=&#8221;4.16&#8243; custom_padding=&#8221;|||&#8221; global_colors_info=&#8221;{}&#8221; custom_padding__hover=&#8221;|||&#8221;][et_pb_code _builder_version=&#8221;4.27.2&#8243; _module_preset=&#8221;default&#8221; custom_margin_tablet=&#8221;&#8221; custom_margin_phone=&#8221;&#8221; custom_margin_last_edited=&#8221;on|phone&#8221; custom_padding=&#8221;60px|30px|30px|30px|false|true&#8221; hover_enabled=&#8221;0&#8243; global_colors_info=&#8221;{}&#8221; sticky_enabled=&#8221;0&#8243;]<\/p>\n<div id=\"pipedrive-form-container\"><\/div>\n<p><!-- [et_pb_line_break_holder] --><!-- [et_pb_line_break_holder] --><script><!-- [et_pb_line_break_holder] -->document.addEventListener(\"DOMContentLoaded\", function() {<!-- [et_pb_line_break_holder] -->    var lang = document.documentElement.lang; \/\/ Detect the page language<!-- [et_pb_line_break_holder] --><!-- [et_pb_line_break_holder] -->    var formUrl = (lang === \"en-GB\") <!-- [et_pb_line_break_holder] -->        ? \"https:\/\/webforms.pipedrive.com\/f\/6qkUUiBjFLeHMxzUStDQ2bm5FH9Bfdhy0NKEyycvfT4f41S8ugJSaWUWukFVQ3GSiv\"<!-- [et_pb_line_break_holder] -->        : \"https:\/\/webforms.pipedrive.com\/f\/6rIeMHMXHRvm0uBngjwyXMFNKFXAnowS8BihOcFRYza7zdoaUFindnrKniSVf2V1UD\";<!-- [et_pb_line_break_holder] --><!-- [et_pb_line_break_holder] -->    var formDiv = document.createElement(\"div\");<!-- [et_pb_line_break_holder] -->    formDiv.className = \"pipedriveWebForms\";<!-- [et_pb_line_break_holder] -->    formDiv.setAttribute(\"data-pd-webforms\", formUrl);<!-- [et_pb_line_break_holder] --><!-- [et_pb_line_break_holder] -->    var script = document.createElement(\"script\");<!-- [et_pb_line_break_holder] -->    script.src = \"https:\/\/webforms.pipedrive.com\/f\/loader\";<!-- [et_pb_line_break_holder] --><!-- [et_pb_line_break_holder] -->    document.getElementById(\"pipedrive-form-container\").appendChild(formDiv);<!-- [et_pb_line_break_holder] -->    document.getElementById(\"pipedrive-form-container\").appendChild(script);<!-- [et_pb_line_break_holder] -->});<!-- [et_pb_line_break_holder] --><\/script>[\/et_pb_code][\/et_pb_column][et_pb_column type=&#8221;1_3&#8243; _builder_version=&#8221;4.16&#8243; use_background_color_gradient=&#8221;on&#8221; background_color_gradient_stops=&#8221;#31849b 0%|rgba(49,132,155,0.47) 100%&#8221; background_color_gradient_overlays_image=&#8221;on&#8221; background_color_gradient_start=&#8221;#31849b&#8221; background_color_gradient_end=&#8221;rgba(49,132,155,0.47)&#8221; background_image=&#8221;https:\/\/energetika.winergy.hu\/wp-content\/uploads\/2021\/10\/napelempark-a-mezon.jpg&#8221; custom_padding=&#8221;70px||310px|&#8221; global_colors_info=&#8221;{}&#8221; custom_padding__hover=&#8221;|||&#8221;][et_pb_text _builder_version=&#8221;4.19.1&#8243; text_font=&#8221;Now Regular|500|||||||&#8221; text_font_size=&#8221;32px&#8221; text_line_height=&#8221;1.4em&#8221; header_font=&#8221;Now Regular||||||||&#8221; header_2_font=&#8221;Now Regular|500|||||||&#8221; header_2_font_size=&#8221;32px&#8221; header_2_line_height=&#8221;1.4em&#8221; background_layout=&#8221;dark&#8221; custom_margin=&#8221;|||&#8221; custom_padding=&#8221;||10px|40px|false|false&#8221; global_colors_info=&#8221;{}&#8221;]<\/p>\n<p>Contact<\/p>\n<p>[\/et_pb_text][et_pb_text _builder_version=&#8221;4.24.3&#8243; text_font=&#8221;Now Regular|600|||||||&#8221; text_font_size=&#8221;18px&#8221; text_line_height=&#8221;1.8em&#8221; header_font=&#8221;Now Regular||||||||&#8221; header_2_font=&#8221;Now Regular|500|||||||&#8221; header_2_font_size=&#8221;32px&#8221; header_2_line_height=&#8221;1.4em&#8221; background_layout=&#8221;dark&#8221; custom_margin=&#8221;|||&#8221; custom_padding=&#8221;|||40px&#8221; global_colors_info=&#8221;{}&#8221;]1034 Budapest, B\u00e9csi \u00fat 100.<\/p>\n<p><a href=\"tel:+36309816267\" style=\"color: #ffffff;\"> +36309816267 <\/a><\/p>\n<p>info@winergy.hu[\/et_pb_text][et_pb_social_media_follow _builder_version=&#8221;4.16&#8243; custom_padding=&#8221;40px|||40px&#8221; global_colors_info=&#8221;{}&#8221;][et_pb_social_media_follow_network social_network=&#8221;facebook&#8221; url=&#8221;https:\/\/www.facebook.com\/winergymernokiroda&#8221; use_icon_font_size=&#8221;on&#8221; icon_font_size=&#8221;22px&#8221; _builder_version=&#8221;4.16&#8243; global_colors_info=&#8221;{}&#8221; follow_button=&#8221;off&#8221; url_new_window=&#8221;on&#8221;]facebook[\/et_pb_social_media_follow_network][et_pb_social_media_follow_network social_network=&#8221;instagram&#8221; url=&#8221;https:\/\/www.instagram.com\/winergy_az_energiatudatos_jovo\/&#8221; use_icon_font_size=&#8221;on&#8221; icon_font_size=&#8221;22px&#8221; _builder_version=&#8221;4.16&#8243; global_colors_info=&#8221;{}&#8221; follow_button=&#8221;off&#8221; url_new_window=&#8221;on&#8221;]instagram[\/et_pb_social_media_follow_network][et_pb_social_media_follow_network social_network=&#8221;linkedin&#8221; url=&#8221;https:\/\/www.linkedin.com\/company\/winergy-kft&#8221; use_icon_font_size=&#8221;on&#8221; icon_font_size=&#8221;22px&#8221; _builder_version=&#8221;4.16&#8243; _module_preset=&#8221;default&#8221; background_enable_color=&#8221;off&#8221; global_colors_info=&#8221;{}&#8221; follow_button=&#8221;off&#8221; url_new_window=&#8221;on&#8221;]linkedin[\/et_pb_social_media_follow_network][\/et_pb_social_media_follow][\/et_pb_column][\/et_pb_row][\/et_pb_section]<\/p>","protected":false},"excerpt":{"rendered":"<p>KapcsolatEl\u00e9rhet\u0151s\u00e9gek1034 Budapest, B\u00e9csi \u00fat 100. +36309816267 info@winergy.hu<\/p>","protected":false},"author":1,"featured_media":0,"parent":0,"menu_order":0,"comment_status":"closed","ping_status":"closed","template":"","meta":{"_et_pb_use_builder":"on","_et_pb_old_content":"","_et_gb_content_width":"","inline_featured_image":false,"footnotes":""},"class_list":["post-645","page","type-page","status-publish","hentry"],"yoast_head":"<!-- This site is optimized with the Yoast SEO plugin v27.5 - https:\/\/yoast.com\/product\/yoast-seo-wordpress\/ -->\n<title>Winergy energetika | Kapcsolat.<\/title>\n<meta name=\"description\" content=\"Energetikai szolg\u00e1ltat\u00e1sra van sz\u00fcks\u00e9ge? Vegye fel vel\u00fcnk a kapcsolatot. El\u00e9rhet\u0151s\u00e9gek: info@winergy.hu, +36309816267\" \/>\n<meta name=\"robots\" content=\"index, follow, max-snippet:-1, max-image-preview:large, max-video-preview:-1\" \/>\n<link rel=\"canonical\" href=\"https:\/\/energetika.winergy.hu\/en\/kapcsolat\/\" \/>\n<meta property=\"og:locale\" content=\"en_GB\" \/>\n<meta property=\"og:type\" content=\"article\" \/>\n<meta property=\"og:title\" content=\"Winergy energetika | Kapcsolat\" \/>\n<meta property=\"og:description\" content=\"Energetikai szolg\u00e1ltat\u00e1sra van sz\u00fcks\u00e9ge? Vegye fel vel\u00fcnk a kapcsolatot. El\u00e9rhet\u0151s\u00e9gek: info@winergy.hu, +36309816267\" \/>\n<meta property=\"og:url\" content=\"https:\/\/energetika.winergy.hu\/en\/kapcsolat\/\" \/>\n<meta property=\"og:site_name\" content=\"energetika.winergy.hu\" \/>\n<meta property=\"article:publisher\" content=\"https:\/\/www.facebook.com\/winergymernokiroda\" \/>\n<meta property=\"article:modified_time\" content=\"2025-03-10T07:06:28+00:00\" \/>\n<meta property=\"og:image\" content=\"http:\/\/energetika.winergy.hu\/wp-content\/uploads\/2024\/06\/winergy_energetika_kapcsolat.png\" \/>\n\t<meta property=\"og:image:width\" content=\"1855\" \/>\n\t<meta property=\"og:image:height\" content=\"901\" \/>\n\t<meta property=\"og:image:type\" content=\"image\/png\" \/>\n<meta name=\"twitter:card\" content=\"summary_large_image\" \/>\n<meta name=\"twitter:label1\" content=\"Estimated reading time\" \/>\n\t<meta name=\"twitter:data1\" content=\"1 minute\" \/>\n<script type=\"application\/ld+json\" class=\"yoast-schema-graph\">{\"@context\":\"https:\\\/\\\/schema.org\",\"@graph\":[{\"@type\":[\"WebPage\",\"ContactPage\"],\"@id\":\"https:\\\/\\\/energetika.winergy.hu\\\/kapcsolat\\\/\",\"url\":\"https:\\\/\\\/energetika.winergy.hu\\\/kapcsolat\\\/\",\"name\":\"Winergy energetika | Kapcsolat.\",\"isPartOf\":{\"@id\":\"https:\\\/\\\/energetika.winergy.hu\\\/#website\"},\"datePublished\":\"2021-06-21T09:15:51+00:00\",\"dateModified\":\"2025-03-10T07:06:28+00:00\",\"description\":\"Energetikai szolg\u00e1ltat\u00e1sra van sz\u00fcks\u00e9ge? Vegye fel vel\u00fcnk a kapcsolatot. El\u00e9rhet\u0151s\u00e9gek: info@winergy.hu, +36309816267\",\"breadcrumb\":{\"@id\":\"https:\\\/\\\/energetika.winergy.hu\\\/kapcsolat\\\/#breadcrumb\"},\"inLanguage\":\"en-GB\",\"potentialAction\":[{\"@type\":\"ReadAction\",\"target\":[\"https:\\\/\\\/energetika.winergy.hu\\\/kapcsolat\\\/\"]}]},{\"@type\":\"BreadcrumbList\",\"@id\":\"https:\\\/\\\/energetika.winergy.hu\\\/kapcsolat\\\/#breadcrumb\",\"itemListElement\":[{\"@type\":\"ListItem\",\"position\":1,\"name\":\"Kezd\u0151lap\",\"item\":\"https:\\\/\\\/energetika.winergy.hu\\\/\"},{\"@type\":\"ListItem\",\"position\":2,\"name\":\"Kapcsolat\"}]},{\"@type\":\"WebSite\",\"@id\":\"https:\\\/\\\/energetika.winergy.hu\\\/#website\",\"url\":\"https:\\\/\\\/energetika.winergy.hu\\\/\",\"name\":\"energetika.winergy.hu\",\"description\":\"Winergy energetika: az energetikai szak\u00e9rt\u0151\",\"publisher\":{\"@id\":\"https:\\\/\\\/energetika.winergy.hu\\\/#organization\"},\"potentialAction\":[{\"@type\":\"SearchAction\",\"target\":{\"@type\":\"EntryPoint\",\"urlTemplate\":\"https:\\\/\\\/energetika.winergy.hu\\\/?s={search_term_string}\"},\"query-input\":{\"@type\":\"PropertyValueSpecification\",\"valueRequired\":true,\"valueName\":\"search_term_string\"}}],\"inLanguage\":\"en-GB\"},{\"@type\":\"Organization\",\"@id\":\"https:\\\/\\\/energetika.winergy.hu\\\/#organization\",\"name\":\"Winergy Kft.\",\"url\":\"https:\\\/\\\/energetika.winergy.hu\\\/\",\"logo\":{\"@type\":\"ImageObject\",\"inLanguage\":\"en-GB\",\"@id\":\"https:\\\/\\\/energetika.winergy.hu\\\/#\\\/schema\\\/logo\\\/image\\\/\",\"url\":\"https:\\\/\\\/energetika.winergy.hu\\\/wp-content\\\/uploads\\\/2021\\\/09\\\/winergy-energetika-logo.svg\",\"contentUrl\":\"https:\\\/\\\/energetika.winergy.hu\\\/wp-content\\\/uploads\\\/2021\\\/09\\\/winergy-energetika-logo.svg\",\"width\":595.2,\"height\":164.6,\"caption\":\"Winergy Kft.\"},\"image\":{\"@id\":\"https:\\\/\\\/energetika.winergy.hu\\\/#\\\/schema\\\/logo\\\/image\\\/\"},\"sameAs\":[\"https:\\\/\\\/www.facebook.com\\\/winergymernokiroda\",\"https:\\\/\\\/www.instagram.com\\\/winergy_az_energiatudatos_jovo\\\/\",\"https:\\\/\\\/hu.linkedin.com\\\/company\\\/winergy-kft\"]}]}<\/script>\n<!-- \/ Yoast SEO plugin. -->","yoast_head_json":{"title":"Winergy energetika | Kapcsolat.","description":"Energetikai szolg\u00e1ltat\u00e1sra van sz\u00fcks\u00e9ge? Vegye fel vel\u00fcnk a kapcsolatot. El\u00e9rhet\u0151s\u00e9gek: info@winergy.hu, +36309816267","robots":{"index":"index","follow":"follow","max-snippet":"max-snippet:-1","max-image-preview":"max-image-preview:large","max-video-preview":"max-video-preview:-1"},"canonical":"https:\/\/energetika.winergy.hu\/en\/kapcsolat\/","og_locale":"en_GB","og_type":"article","og_title":"Winergy energetika | Kapcsolat","og_description":"Energetikai szolg\u00e1ltat\u00e1sra van sz\u00fcks\u00e9ge? Vegye fel vel\u00fcnk a kapcsolatot. El\u00e9rhet\u0151s\u00e9gek: info@winergy.hu, +36309816267","og_url":"https:\/\/energetika.winergy.hu\/en\/kapcsolat\/","og_site_name":"energetika.winergy.hu","article_publisher":"https:\/\/www.facebook.com\/winergymernokiroda","article_modified_time":"2025-03-10T07:06:28+00:00","og_image":[{"width":1855,"height":901,"url":"http:\/\/energetika.winergy.hu\/wp-content\/uploads\/2024\/06\/winergy_energetika_kapcsolat.png","type":"image\/png"}],"twitter_card":"summary_large_image","twitter_misc":{"Estimated reading time":"1 minute"},"schema":{"@context":"https:\/\/schema.org","@graph":[{"@type":["WebPage","ContactPage"],"@id":"https:\/\/energetika.winergy.hu\/kapcsolat\/","url":"https:\/\/energetika.winergy.hu\/kapcsolat\/","name":"Winergy energetika | Kapcsolat.","isPartOf":{"@id":"https:\/\/energetika.winergy.hu\/#website"},"datePublished":"2021-06-21T09:15:51+00:00","dateModified":"2025-03-10T07:06:28+00:00","description":"Energetikai szolg\u00e1ltat\u00e1sra van sz\u00fcks\u00e9ge? Vegye fel vel\u00fcnk a kapcsolatot. El\u00e9rhet\u0151s\u00e9gek: info@winergy.hu, +36309816267","breadcrumb":{"@id":"https:\/\/energetika.winergy.hu\/kapcsolat\/#breadcrumb"},"inLanguage":"en-GB","potentialAction":[{"@type":"ReadAction","target":["https:\/\/energetika.winergy.hu\/kapcsolat\/"]}]},{"@type":"BreadcrumbList","@id":"https:\/\/energetika.winergy.hu\/kapcsolat\/#breadcrumb","itemListElement":[{"@type":"ListItem","position":1,"name":"Kezd\u0151lap","item":"https:\/\/energetika.winergy.hu\/"},{"@type":"ListItem","position":2,"name":"Kapcsolat"}]},{"@type":"WebSite","@id":"https:\/\/energetika.winergy.hu\/#website","url":"https:\/\/energetika.winergy.hu\/","name":"energetika.winergy.hu","description":"Winergy energetika: az energetikai szak\u00e9rt\u0151","publisher":{"@id":"https:\/\/energetika.winergy.hu\/#organization"},"potentialAction":[{"@type":"SearchAction","target":{"@type":"EntryPoint","urlTemplate":"https:\/\/energetika.winergy.hu\/?s={search_term_string}"},"query-input":{"@type":"PropertyValueSpecification","valueRequired":true,"valueName":"search_term_string"}}],"inLanguage":"en-GB"},{"@type":"Organization","@id":"https:\/\/energetika.winergy.hu\/#organization","name":"Winergy Kft.","url":"https:\/\/energetika.winergy.hu\/","logo":{"@type":"ImageObject","inLanguage":"en-GB","@id":"https:\/\/energetika.winergy.hu\/#\/schema\/logo\/image\/","url":"https:\/\/energetika.winergy.hu\/wp-content\/uploads\/2021\/09\/winergy-energetika-logo.svg","contentUrl":"https:\/\/energetika.winergy.hu\/wp-content\/uploads\/2021\/09\/winergy-energetika-logo.svg","width":595.2,"height":164.6,"caption":"Winergy Kft."},"image":{"@id":"https:\/\/energetika.winergy.hu\/#\/schema\/logo\/image\/"},"sameAs":["https:\/\/www.facebook.com\/winergymernokiroda","https:\/\/www.instagram.com\/winergy_az_energiatudatos_jovo\/","https:\/\/hu.linkedin.com\/company\/winergy-kft"]}]}},"_links":{"self":[{"href":"https:\/\/energetika.winergy.hu\/en\/wp-json\/wp\/v2\/pages\/645","targetHints":{"allow":["GET"]}}],"collection":[{"href":"https:\/\/energetika.winergy.hu\/en\/wp-json\/wp\/v2\/pages"}],"about":[{"href":"https:\/\/energetika.winergy.hu\/en\/wp-json\/wp\/v2\/types\/page"}],"author":[{"embeddable":true,"href":"https:\/\/energetika.winergy.hu\/en\/wp-json\/wp\/v2\/users\/1"}],"replies":[{"embeddable":true,"href":"https:\/\/energetika.winergy.hu\/en\/wp-json\/wp\/v2\/comments?post=645"}],"version-history":[{"count":39,"href":"https:\/\/energetika.winergy.hu\/en\/wp-json\/wp\/v2\/pages\/645\/revisions"}],"predecessor-version":[{"id":3061,"href":"https:\/\/energetika.winergy.hu\/en\/wp-json\/wp\/v2\/pages\/645\/revisions\/3061"}],"wp:attachment":[{"href":"https:\/\/energetika.winergy.hu\/en\/wp-json\/wp\/v2\/media?parent=645"}],"curies":[{"name":"wp","href":"https:\/\/api.w.org\/{rel}","templated":true}]}}